{"id":72366,"date":"2025-02-03T19:37:02","date_gmt":"2025-02-03T19:37:02","guid":{"rendered":"https:\/\/mexxusmedia.com\/commentaires\/"},"modified":"2025-02-17T20:21:27","modified_gmt":"2025-02-17T20:21:27","slug":"commentaires","status":"publish","type":"page","link":"https:\/\/mexxusmedia.com\/fr\/commentaires\/","title":{"rendered":"Commentaires"},"content":{"rendered":"<p>[et_pb_section fb_built=\u00a0\u00bb1&Prime; _builder_version=\u00a0\u00bb4.27.4&Prime; _module_preset=\u00a0\u00bbdefault\u00a0\u00bb background_image=\u00a0\u00bbhttps:\/\/mexxusmedia.com\/wp-content\/uploads\/2025\/02\/reviews.jpg\u00a0\u00bb custom_padding=\u00a0\u00bb100px||100px||true|false\u00a0\u00bb global_colors_info=\u00a0\u00bb{}\u00a0\u00bb][et_pb_row _builder_version=\u00a0\u00bb4.27.4&Prime; _module_preset=\u00a0\u00bbdefault\u00a0\u00bb global_colors_info=\u00a0\u00bb{}\u00a0\u00bb][et_pb_column type=\u00a0\u00bb4_4&Prime; _builder_version=\u00a0\u00bb4.27.4&Prime; _module_preset=\u00a0\u00bbdefault\u00a0\u00bb global_colors_info=\u00a0\u00bb{}\u00a0\u00bb][et_pb_text _builder_version=\u00a0\u00bb4.27.4&Prime; _module_preset=\u00a0\u00bbdefault\u00a0\u00bb header_font=\u00a0\u00bbPoppins|700|||||||\u00a0\u00bb header_font_size=\u00a0\u00bb50px\u00a0\u00bb global_colors_info=\u00a0\u00bb{}\u00a0\u00bb]<\/p>\n<h1>Commentaires<\/h1>\n<p>[\/et_pb_text][\/et_pb_column][\/et_pb_row][\/et_pb_section][et_pb_section fb_built=\u00a0\u00bb1&Prime; _builder_version=\u00a0\u00bb4.27.4&Prime; _module_preset=\u00a0\u00bbdefault\u00a0\u00bb global_colors_info=\u00a0\u00bb{}\u00a0\u00bb][et_pb_row _builder_version=\u00a0\u00bb4.27.4&Prime; _module_preset=\u00a0\u00bbdefault\u00a0\u00bb global_colors_info=\u00a0\u00bb{}\u00a0\u00bb][et_pb_column type=\u00a0\u00bb4_4&Prime; _builder_version=\u00a0\u00bb4.27.4&Prime; _module_preset=\u00a0\u00bbdefault\u00a0\u00bb global_colors_info=\u00a0\u00bb{}\u00a0\u00bb][testify_carousel testimonials_count=\u00a0\u00bb100&Prime; testimonial_view_type=\u00a0\u00bbtestimonials_category\u00a0\u00bb testimonials_category=\u00a0\u00bb83&Prime; autoplay=\u00a0\u00bbon\u00a0\u00bb auto_speed=\u00a0\u00bb8000&Prime; pause_slider=\u00a0\u00bbon\u00a0\u00bb arrows_icon_size=\u00a0\u00bb30px\u00a0\u00bb pagination_bg_color_active=\u00a0\u00bb#0C71C3&Prime; author_link_show=\u00a0\u00bboff\u00a0\u00bb quote_color=\u00a0\u00bb#000000&Prime; quote_size=\u00a0\u00bb20px\u00a0\u00bb rating_color_active=\u00a0\u00bb#0C71C3&Prime; _builder_version=\u00a0\u00bb4.27.4&Prime; _module_preset=\u00a0\u00bbdefault\u00a0\u00bb content_text_font=\u00a0\u00bbPoppins|300|||||||\u00a0\u00bb content_text_text_align=\u00a0\u00bbcenter\u00a0\u00bb content_text_font_size=\u00a0\u00bb16px\u00a0\u00bb author_font=\u00a0\u00bbPoppins|700|||||||\u00a0\u00bb global_colors_info=\u00a0\u00bb{}\u00a0\u00bb][testify_carousel_child item=\u00a0\u00bbquote\u00a0\u00bb item_title=\u00a0\u00bbQuote Icon\u00a0\u00bb _builder_version=\u00a0\u00bb3.0.47&Prime; global_colors_info=\u00a0\u00bb{}\u00a0\u00bb][\/testify_carousel_child][testify_carousel_child item=\u00a0\u00bbtestimonialrating\u00a0\u00bb item_title=\u00a0\u00bbRating\u00a0\u00bb _builder_version=\u00a0\u00bb3.0.47&Prime; global_colors_info=\u00a0\u00bb{}\u00a0\u00bb][\/testify_carousel_child][testify_carousel_child item=\u00a0\u00bbcontent\u00a0\u00bb item_title=\u00a0\u00bbContent\u00a0\u00bb _builder_version=\u00a0\u00bb3.0.47&Prime; global_colors_info=\u00a0\u00bb{}\u00a0\u00bb][\/testify_carousel_child][testify_carousel_child item=\u00a0\u00bbtestimonialauthor\u00a0\u00bb item_title=\u00a0\u00bbAuthor\u00a0\u00bb _builder_version=\u00a0\u00bb3.0.47&Prime; global_colors_info=\u00a0\u00bb{}\u00a0\u00bb][\/testify_carousel_child][testify_carousel_child item=\u00a0\u00bbposition\u00a0\u00bb item_title=\u00a0\u00bbJob Position\u00a0\u00bb _builder_version=\u00a0\u00bb3.0.47&Prime; global_colors_info=\u00a0\u00bb{}\u00a0\u00bb][\/testify_carousel_child][\/testify_carousel][\/et_pb_column][\/et_pb_row][\/et_pb_section]<\/p>\n","protected":false},"excerpt":{"rendered":"<p>Commentaires<div class=\"et_pb_module testify_carousel testify_carousel_0\">\n\t\t\t\t\n\t\t\t\t\n\t\t\t\t\n\t\t\t\t\n\t\t\t\t\n\t\t\t\t\n\t\t\t\t<div class=\"et_pb_module_inner\">\n\t\t\t\t\t<div class=\"testify_carousel_inner\">\n\t\t\t\t\t\t<div class=\"testify-swiper-container swiper-container \" data-swiper='{&quot;centeredSlides&quot;:false,&quot;autoHeight&quot;:false,&quot;breakpointsInverse&quot;:true,&quot;loop&quot;:false,&quot;grabCursor&quot;:true,&quot;mousewheel&quot;:false,&quot;allowTouchMove&quot;:true,&quot;rtl&quot;:false,&quot;breakpoints&quot;:{&quot;0&quot;:{&quot;slidesPerView&quot;:&quot;1&quot;,&quot;slidesPerGroup&quot;:&quot;1&quot;},&quot;768&quot;:{&quot;slidesPerView&quot;:&quot;3&quot;,&quot;slidesPerGroup&quot;:&quot;1&quot;},&quot;980&quot;:{&quot;slidesPerView&quot;:&quot;3&quot;,&quot;slidesPerGroup&quot;:&quot;1&quot;}},&quot;navigation&quot;:{&quot;nextEl&quot;:&quot;.testify_carousel_0 .next_icon&quot;,&quot;prevEl&quot;:&quot;.testify_carousel_0 .prev_icon&quot;},&quot;pagination&quot;:{&quot;el&quot;:&quot;.swiper-pagination&quot;,&quot;type&quot;:&quot;bullets&quot;,&quot;clickable&quot;:true},&quot;autoplay&quot;:{&quot;delay&quot;:8000,&quot;pauseOnHover&quot;:true}}'>\n\t\t\t\t\t\t\t<div class=\"testify-swiper-wrapper swiper-wrapper\">\n\t\t\t\t\t\t\t\t <div class=\"dstc-testify-item-wrapper swiper-slide\"><div class=\"dstc-testify-swiper-inner\"><div class=\"dstc-testify-quote-wrapper\"><span class=\"testify-quote testify-quote-1\"><\/span><\/div><div class=\"dstc-testify-rating\"><div class=\"star-rating\" role=\"img\" aria-label=\"Rated 5 out of 5\"><span style=\"width:100%\">Rated <strong class=\"rating\">5<\/strong> out of 5<\/span><\/div><\/div><div class=\"dstc-testify-content\"><p>Ce qui m&#039;impressionne le plus chez Mexxus, c&#039;est la rapidit\u00e9 avec laquelle ils r\u00e9pondent aux requ\u00eates, et trouvent des solutions efficaces. Le service, c&#039;est la cl\u00e9 de la satisfation et de la fid\u00e9lit\u00e9, et je suis avec eux depuis plus de 10 ans. Kudos!<\/p><\/div><div class=\"dstc-testify-author-wrapper\"><p class=\"dstc-testify-author\">Bruno Plourde<\/p><\/div><div class=\"dstc-testify-position-wrapper\"><p class=\"dstc-testify-position\"><\/p><\/div><\/div><\/div><div class=\"dstc-testify-item-wrapper swiper-slide\"><div class=\"dstc-testify-swiper-inner\"><div class=\"dstc-testify-quote-wrapper\"><span class=\"testify-quote testify-quote-1\"><\/span><\/div><div class=\"dstc-testify-rating\"><div class=\"star-rating\" role=\"img\" aria-label=\"Rated 5 out of 5\"><span style=\"width:100%\">Rated <strong class=\"rating\">5<\/strong> out of 5<\/span><\/div><\/div><div class=\"dstc-testify-content\"><p>Excellent service, \u00e0 l&#039;\u00e9coute de c&#039;est cliente , prix comp\u00e9titif<\/p><\/div><div class=\"dstc-testify-author-wrapper\"><p class=\"dstc-testify-author\">Groupe Habitations Lessard<\/p><\/div><div class=\"dstc-testify-position-wrapper\"><p class=\"dstc-testify-position\"><\/p><\/div><\/div><\/div><div class=\"dstc-testify-item-wrapper swiper-slide\"><div class=\"dstc-testify-swiper-inner\"><div class=\"dstc-testify-quote-wrapper\"><span class=\"testify-quote testify-quote-1\"><\/span><\/div><div class=\"dstc-testify-rating\"><div class=\"star-rating\" role=\"img\" aria-label=\"Rated 5 out of 5\"><span style=\"width:100%\">Rated <strong class=\"rating\">5<\/strong> out of 5<\/span><\/div><\/div><div class=\"dstc-testify-content\"><p>Service Professionnel. Qualit\u00e9 de D\u00e9veloppement Exceptionnelle. Tarifs Avantageux. Je vous les conseille Vivement !<\/p><\/div><div class=\"dstc-testify-author-wrapper\"><p class=\"dstc-testify-author\">Photocopieur Metropolitain<\/p><\/div><div class=\"dstc-testify-position-wrapper\"><p class=\"dstc-testify-position\"><\/p><\/div><\/div><\/div><div class=\"dstc-testify-item-wrapper swiper-slide\"><div class=\"dstc-testify-swiper-inner\"><div class=\"dstc-testify-quote-wrapper\"><span class=\"testify-quote testify-quote-1\"><\/span><\/div><div class=\"dstc-testify-rating\"><div class=\"star-rating\" role=\"img\" aria-label=\"Rated 5 out of 5\"><span style=\"width:100%\">Rated <strong class=\"rating\">5<\/strong> out of 5<\/span><\/div><\/div><div class=\"dstc-testify-content\"><p>Merci M. John de Mexxus\r\nTr\u00e8s bon service<\/p><\/div><div class=\"dstc-testify-author-wrapper\"><p class=\"dstc-testify-author\">Yves Contant<\/p><\/div><div class=\"dstc-testify-position-wrapper\"><p class=\"dstc-testify-position\"><\/p><\/div><\/div><\/div><div class=\"dstc-testify-item-wrapper swiper-slide\"><div class=\"dstc-testify-swiper-inner\"><div class=\"dstc-testify-quote-wrapper\"><span class=\"testify-quote testify-quote-1\"><\/span><\/div><div class=\"dstc-testify-rating\"><div class=\"star-rating\" role=\"img\" aria-label=\"Rated 5 out of 5\"><span style=\"width:100%\">Rated <strong class=\"rating\">5<\/strong> out of 5<\/span><\/div><\/div><div class=\"dstc-testify-content\"><p>Excellent service - rapide, courtois et sentiment de confiance. L&#039;\u00e9quipe est constitu\u00e9e de gens travaillant et comp\u00e9tents. Toute des qualit\u00e9s tr\u00e8s importantes quand on est nul ( comme moi ) en mati\u00e8re de web, pr\u00e9sence en ligne etc...<\/p><\/div><div class=\"dstc-testify-author-wrapper\"><p class=\"dstc-testify-author\">Francois<\/p><\/div><div class=\"dstc-testify-position-wrapper\"><p class=\"dstc-testify-position\"><\/p><\/div><\/div><\/div><div class=\"dstc-testify-item-wrapper swiper-slide\"><div class=\"dstc-testify-swiper-inner\"><div class=\"dstc-testify-quote-wrapper\"><span class=\"testify-quote testify-quote-1\"><\/span><\/div><div class=\"dstc-testify-rating\"><div class=\"star-rating\" role=\"img\" aria-label=\"Rated 5 out of 5\"><span style=\"width:100%\">Rated <strong class=\"rating\">5<\/strong> out of 5<\/span><\/div><\/div><div class=\"dstc-testify-content\"><p>Notre partenaire m\u00e9dia. Toujours pr\u00eat \u00e0 nous aider dans le d\u00e9veloppement des affaires. On recommande chaleureusement. <\/p><\/div><div class=\"dstc-testify-author-wrapper\"><p class=\"dstc-testify-author\">Emile B.<\/p><\/div><div class=\"dstc-testify-position-wrapper\"><p class=\"dstc-testify-position\">Maitre Inspecteur<\/p><\/div><\/div><\/div><div class=\"dstc-testify-item-wrapper swiper-slide\"><div class=\"dstc-testify-swiper-inner\"><div class=\"dstc-testify-quote-wrapper\"><span class=\"testify-quote testify-quote-1\"><\/span><\/div><div class=\"dstc-testify-rating\"><div class=\"star-rating\" role=\"img\" aria-label=\"Rated 5 out of 5\"><span style=\"width:100%\">Rated <strong class=\"rating\">5<\/strong> out of 5<\/span><\/div><\/div><div class=\"dstc-testify-content\"><p>Travaux de qualit\u00e9, flexible dans nos besoins et attentif \u00e0 nous<\/p><\/div><div class=\"dstc-testify-author-wrapper\"><p class=\"dstc-testify-author\">Rocheny J.<\/p><\/div><div class=\"dstc-testify-position-wrapper\"><p class=\"dstc-testify-position\">Google Review<\/p><\/div><\/div><\/div><div class=\"dstc-testify-item-wrapper swiper-slide\"><div class=\"dstc-testify-swiper-inner\"><div class=\"dstc-testify-quote-wrapper\"><span class=\"testify-quote testify-quote-1\"><\/span><\/div><div class=\"dstc-testify-rating\"><div class=\"star-rating\" role=\"img\" aria-label=\"Rated 5 out of 5\"><span style=\"width:100%\">Rated <strong class=\"rating\">5<\/strong> out of 5<\/span><\/div><\/div><div class=\"dstc-testify-content\"><p>Excellent service, rapide et courtois! Je recommande fortement.<\/p><\/div><div class=\"dstc-testify-author-wrapper\"><p class=\"dstc-testify-author\">Marie-Claude<\/p><\/div><div class=\"dstc-testify-position-wrapper\"><p class=\"dstc-testify-position\">Google Review<\/p><\/div><\/div><\/div><div class=\"dstc-testify-item-wrapper swiper-slide\"><div class=\"dstc-testify-swiper-inner\"><div class=\"dstc-testify-quote-wrapper\"><span class=\"testify-quote testify-quote-1\"><\/span><\/div><div class=\"dstc-testify-rating\"><div class=\"star-rating\" role=\"img\" aria-label=\"Rated 5 out of 5\"><span style=\"width:100%\">Rated <strong class=\"rating\">5<\/strong> out of 5<\/span><\/div><\/div><div class=\"dstc-testify-content\"><p>Service courtois, gentil et modul\u00e9 selon les besoins du client. Belle coop\u00e9ration.<\/p><\/div><div class=\"dstc-testify-author-wrapper\"><p class=\"dstc-testify-author\">Lizabel N.<\/p><\/div><div class=\"dstc-testify-position-wrapper\"><p class=\"dstc-testify-position\">Google Review<\/p><\/div><\/div><\/div><div class=\"dstc-testify-item-wrapper swiper-slide\"><div class=\"dstc-testify-swiper-inner\"><div class=\"dstc-testify-quote-wrapper\"><span class=\"testify-quote testify-quote-1\"><\/span><\/div><div class=\"dstc-testify-rating\"><div class=\"star-rating\" role=\"img\" aria-label=\"Rated 5 out of 5\"><span style=\"width:100%\">Rated <strong class=\"rating\">5<\/strong> out of 5<\/span><\/div><\/div><div class=\"dstc-testify-content\"><p>Excellent service et excellents produits! Je vous r\u00e9f\u00e8re Mexxus \u00e0 100%<\/p><\/div><div class=\"dstc-testify-author-wrapper\"><p class=\"dstc-testify-author\">David R.<\/p><\/div><div class=\"dstc-testify-position-wrapper\"><p class=\"dstc-testify-position\">Google Review<\/p><\/div><\/div><\/div><div class=\"dstc-testify-item-wrapper swiper-slide\"><div class=\"dstc-testify-swiper-inner\"><div class=\"dstc-testify-quote-wrapper\"><span class=\"testify-quote testify-quote-1\"><\/span><\/div><div class=\"dstc-testify-rating\"><div class=\"star-rating\" role=\"img\" aria-label=\"Rated 5 out of 5\"><span style=\"width:100%\">Rated <strong class=\"rating\">5<\/strong> out of 5<\/span><\/div><\/div><div class=\"dstc-testify-content\"><p>Mise \u00e0 jour apr\u00e8s 3 ans : M\u00eames commentaires X2 ! : Compagnie avec une grande exp\u00e9rience, fiable, et surtout...rapide!  Merci !<\/p><\/div><div class=\"dstc-testify-author-wrapper\"><p class=\"dstc-testify-author\">Nathalie G.<\/p><\/div><div class=\"dstc-testify-position-wrapper\"><p class=\"dstc-testify-position\">Google Review<\/p><\/div><\/div><\/div><div class=\"dstc-testify-item-wrapper swiper-slide\"><div class=\"dstc-testify-swiper-inner\"><div class=\"dstc-testify-quote-wrapper\"><span class=\"testify-quote testify-quote-1\"><\/span><\/div><div class=\"dstc-testify-rating\"><div class=\"star-rating\" role=\"img\" aria-label=\"Rated 5 out of 5\"><span style=\"width:100%\">Rated <strong class=\"rating\">5<\/strong> out of 5<\/span><\/div><\/div><div class=\"dstc-testify-content\"><p>Client depuis 10 ans chez Mexxus, la plateforme de mon site repose maintenant sur WordPress. Quel changement ! Bien que je ne sois pas tout \u00e0 fait d\u00e9muni en informatique, l&#039;approche de WordPress exige une adaptation un tant soit peu. Et c&#039;est ici que Mexxus entre en jeu. Mexxus a pris le temps de r\u00e9pondre \u00e0 mes questions, de me d\u00e9montrer \u00e0 distance comment entrer de nouvelles pages, photos, sections, ajouter des articles \u00e0 des sections d\u00e9j\u00e0 pr\u00e9sentes, etc. Un gros merci !<\/p><\/div><div class=\"dstc-testify-author-wrapper\"><p class=\"dstc-testify-author\">Bernard G.<\/p><\/div><div class=\"dstc-testify-position-wrapper\"><p class=\"dstc-testify-position\">Google Review<\/p><\/div><\/div><\/div>\n\t\t\t\t\t\t\t <\/div>\t\n\t\t\t\t\t\t\t<div class=\"swiper-pagination\"><\/div>\n\t\t\t\t\t\t<\/div>\n\t\t\t\t\t<\/div> \n\t\t\t\t\t<div class=\"dstc-testify-arrows dstc-testify-arrows-alignment center\"><span class=\"prev_icon\">4<\/span><span class=\"next_icon\">5<\/span><\/div>\n\t\t\t\t<\/div>\n\t\t\t<\/div><\/p>\n","protected":false},"author":1,"featured_media":0,"parent":0,"menu_order":0,"comment_status":"closed","ping_status":"closed","template":"","meta":{"_et_pb_use_builder":"on","_et_pb_old_content":"","_et_gb_content_width":"","footnotes":""},"class_list":["post-72366","page","type-page","status-publish","hentry"],"_links":{"self":[{"href":"https:\/\/mexxusmedia.com\/fr\/wp-json\/wp\/v2\/pages\/72366","targetHints":{"allow":["GET"]}}],"collection":[{"href":"https:\/\/mexxusmedia.com\/fr\/wp-json\/wp\/v2\/pages"}],"about":[{"href":"https:\/\/mexxusmedia.com\/fr\/wp-json\/wp\/v2\/types\/page"}],"author":[{"embeddable":true,"href":"https:\/\/mexxusmedia.com\/fr\/wp-json\/wp\/v2\/users\/1"}],"replies":[{"embeddable":true,"href":"https:\/\/mexxusmedia.com\/fr\/wp-json\/wp\/v2\/comments?post=72366"}],"version-history":[{"count":4,"href":"https:\/\/mexxusmedia.com\/fr\/wp-json\/wp\/v2\/pages\/72366\/revisions"}],"predecessor-version":[{"id":72653,"href":"https:\/\/mexxusmedia.com\/fr\/wp-json\/wp\/v2\/pages\/72366\/revisions\/72653"}],"wp:attachment":[{"href":"https:\/\/mexxusmedia.com\/fr\/wp-json\/wp\/v2\/media?parent=72366"}],"curies":[{"name":"wp","href":"https:\/\/api.w.org\/{rel}","templated":true}]}}