{"id":54432,"date":"2023-09-21T12:16:57","date_gmt":"2023-09-21T12:16:57","guid":{"rendered":"https:\/\/mexxusmedia.com\/politique-de-confidentialite\/"},"modified":"2025-02-18T14:13:05","modified_gmt":"2025-02-18T14:13:05","slug":"politique-de-confidentialite","status":"publish","type":"page","link":"https:\/\/mexxusmedia.com\/fr\/politique-de-confidentialite\/","title":{"rendered":"Politique de confidentialit\u00e9"},"content":{"rendered":"<p>[et_pb_section fb_built=\u00a0\u00bb1&Prime; _builder_version=\u00a0\u00bb4.16&Prime; background_color=\u00a0\u00bb#297FCA\u00a0\u00bb custom_padding=\u00a0\u00bb0px||0px||false|false\u00a0\u00bb saved_tabs=\u00a0\u00bball\u00a0\u00bb global_colors_info=\u00a0\u00bb{}\u00a0\u00bb][et_pb_row _builder_version=\u00a0\u00bb4.16&Prime; global_colors_info=\u00a0\u00bb{}\u00a0\u00bb][et_pb_column type=\u00a0\u00bb4_4&Prime; _builder_version=\u00a0\u00bb4.16&Prime; custom_padding=\u00a0\u00bb|||\u00a0\u00bb global_colors_info=\u00a0\u00bb{}\u00a0\u00bb custom_padding__hover=\u00a0\u00bb|||\u00a0\u00bb][et_pb_post_title meta=\u00a0\u00bboff\u00a0\u00bb featured_image=\u00a0\u00bboff\u00a0\u00bb _builder_version=\u00a0\u00bb4.27.4&Prime; title_font=\u00a0\u00bb||||||||\u00a0\u00bb title_text_align=\u00a0\u00bbleft\u00a0\u00bb title_text_color=\u00a0\u00bb#ffffff\u00a0\u00bb hover_enabled=\u00a0\u00bb0&Prime; global_colors_info=\u00a0\u00bb{}\u00a0\u00bb sticky_enabled=\u00a0\u00bb0&Prime;][\/et_pb_post_title][\/et_pb_column][\/et_pb_row][\/et_pb_section][et_pb_section fb_built=\u00a0\u00bb1&Prime; _builder_version=\u00a0\u00bb4.16&Prime; custom_padding=\u00a0\u00bb0px|0px|0px|0px|true|false\u00a0\u00bb global_colors_info=\u00a0\u00bb{}\u00a0\u00bb][et_pb_row _builder_version=\u00a0\u00bb4.16&Prime; global_colors_info=\u00a0\u00bb{}\u00a0\u00bb][et_pb_column type=\u00a0\u00bb4_4&Prime; _builder_version=\u00a0\u00bb4.16&Prime; custom_padding=\u00a0\u00bb|||\u00a0\u00bb global_colors_info=\u00a0\u00bb{}\u00a0\u00bb custom_padding__hover=\u00a0\u00bb|||\u00a0\u00bb][et_pb_text _builder_version=\u00a0\u00bb4.22.1&Prime; text_font=\u00a0\u00bb||||||||\u00a0\u00bb global_colors_info=\u00a0\u00bb{}\u00a0\u00bb]<\/p>\n<p>Votre vie priv\u00e9e est tr\u00e8s importante pour nous. Vous trouverez ci-dessous les informations que nous collectons aupr\u00e8s de vous, ce que nous faisons avec ces informations et notre politique de s\u00e9curit\u00e9 des informations.<\/p>\n<p><strong>Vos informations<\/strong><br \/>Lorsque vous vous inscrivez \u00e0 l&rsquo;un de nos services, nous vous demanderons de fournir vos coordonn\u00e9es pour votre commodit\u00e9 ainsi que pour des raisons juridiques. Cela comprendra le nom, l&rsquo;adresse personnelle, les adresses e-mail et les d\u00e9tails de paiement. Si vous avez besoin d&rsquo;aide, notre personnel peut avoir besoin de conna\u00eetre des informations pour r\u00e9soudre le probl\u00e8me, telles que le syst\u00e8me d&rsquo;exploitation, le logiciel de navigation et le logiciel d&rsquo;\u00e9dition. Lorsque vous visitez ce site Web, nous enregistrons certaines informations \u00e0 l&rsquo;aide de Google Analytics telles que votre emplacement, la version du navigateur, l&rsquo;adresse IP, la r\u00e9solution de l&rsquo;\u00e9cran, le syst\u00e8me d&rsquo;exploitation et la prise en charge de Flash. Nous pouvons ainsi continuer \u00e0 fournir le site Web le plus pratique \u00e0 tous nos visiteurs. Notre site Web est prot\u00e9g\u00e9 par un Secure Sockets Layer (SSL) et v\u00e9rifi\u00e9 par Geotrust. Cela permet d&rsquo;\u00e9viter les \u00e9coutes clandestines sur notre site Web, il suffit de chercher le cadenas.<\/p>\n<p><strong>Comment vos informations sont utilis\u00e9es<\/strong><br \/>Nous utiliserons vos informations personnelles identifiables des mani\u00e8res suivantes.<br \/>\u2013 \u00c0 des fins de paiement et pour fournir une assistance pratique et cibl\u00e9e.<br \/>\u2013 Pour vous contacter et vous annoncer des offres sp\u00e9ciales, des annonces g\u00e9n\u00e9rales et des actualit\u00e9s. Veuillez noter que vous pouvez refuser de recevoir ces e-mails \u00e0 tout moment en suivant les instructions au bas de l&rsquo;e-mail.<br \/>\u2013 Am\u00e9liorer notre service et la commercialisation de notre service. Cela pourrait inclure l\u2019utilisation de votre emplacement d\u00e9mographique pour am\u00e9liorer le ciblage de notre site Web et personnaliser votre visite.<br \/>Nous ne fournirons JAMAIS vos informations personnelles \u00e0 des personnes autres qu&rsquo;un organisme d&rsquo;application de la loi ou de r\u00e9glementation \u00e0 leur demande, des tiers qui fournissent des services en notre nom tels que le traitement des paiements, uniquement s&rsquo;ils acceptent de ne pas manquer d&rsquo;utiliser ces informations.<br \/>En dehors de ce qui pr\u00e9c\u00e8de, nous ne divulguons ni ne vendons en aucun cas vos informations \u00e0 des tiers.<br \/>Vos informations personnelles sont en s\u00e9curit\u00e9 chez nous, vos informations sont crypt\u00e9es en toute s\u00e9curit\u00e9 via SSL. Notre service n&rsquo;est pas disponible pour toute personne de moins de 13 ans, nous ne conserverons jamais intentionnellement d&rsquo;informations sur toute personne de moins de 13 ans.<\/p>\n<p><strong>Cookie<\/strong><br \/>Un cookie est un petit fichier texte stock\u00e9 sur l&rsquo;ordinateur d&rsquo;un utilisateur \u00e0 des fins de tenue de registres. Notre site utilise des cookies. Nous ne lions pas les informations que nous stockons dans les cookies aux informations personnelles identifiables que vous soumettez lorsque vous \u00eates sur notre site. Nous utilisons \u00e0 la fois des cookies d&rsquo;identification de session et des cookies persistants. Nous utilisons des cookies de session pour faciliter votre navigation sur notre site. Un cookie d&rsquo;identification de session expire lorsque vous fermez votre navigateur. Un cookie persistant reste sur votre disque dur pendant une p\u00e9riode prolong\u00e9e, tout comme le cookie utilis\u00e9 pour notre programme d&rsquo;affiliation. Vous pouvez supprimer les cookies persistants en suivant les instructions fournies dans le fichier \u00ab d\u2019aide \u00bb de votre navigateur Internet. Nous d\u00e9finissons un cookie persistant pour stocker vos mots de passe afin que vous n&rsquo;ayez pas \u00e0 le saisir plus d&rsquo;une fois. Les cookies persistants nous permettent \u00e9galement de suivre et de cibler les int\u00e9r\u00eats de nos utilisateurs pour am\u00e9liorer l&rsquo;exp\u00e9rience sur notre site. Si vous refusez les cookies, vous pouvez toujours utiliser notre site, mais il vous sera demand\u00e9 de saisir \u00e0 nouveau votre nom d&rsquo;utilisateur et votre mot de passe chaque fois que vous fermerez votre navigateur ou que votre session expirera.<\/p>\n<p><strong>Fichiers journaux<\/strong><br \/>Comme c&rsquo;est le cas pour la plupart des sites Web, nous collectons automatiquement certaines informations et les stockons dans des fichiers journaux. Ces informations incluent les adresses IP (Internet Protocol), le type de navigateur, le fournisseur de services Internet (FAI), les pages de r\u00e9f\u00e9rence\/de sortie, le syst\u00e8me d&rsquo;exploitation, l&rsquo;horodatage et les donn\u00e9es de parcours de navigation. Nous utilisons ces informations, qui n&rsquo;identifient pas les utilisateurs individuels, pour analyser les tendances, administrer le site, suivre les mouvements des utilisateurs sur le site et recueillir des informations d\u00e9mographiques sur notre base d&rsquo;utilisateurs dans son ensemble. Nous ne lions pas ces donn\u00e9es collect\u00e9es automatiquement \u00e0 des informations personnellement identifiables. Les adresses IP sont li\u00e9es \u00e0 des informations personnelles identifiables pour emp\u00eacher et emp\u00eacher les abus de continuer \u00e0 utiliser nos services, tels que les membres qui enfreignent nos conditions d&rsquo;utilisation. Nous utilisons un service de suivi tiers qui utilise des cookies et des fichiers journaux pour suivre les informations non personnelles sur les visiteurs de notre site dans l&rsquo;ensemble des statistiques d&rsquo;utilisation et de volume afin de d\u00e9terminer comment nos utilisateurs naviguent sur notre site Web et de conna\u00eetre le nombre d&rsquo;utilisateurs. en utilisant nos services sur le plan d\u00e9mographique. Nous utilisons les informations que vous fournissez sur vous-m\u00eame ou sur d&rsquo;autres personnes pour finaliser la transaction \u00e0 laquelle elles sont destin\u00e9es. Cela peut inclure l&rsquo;administration d&rsquo;un service tel que l&rsquo;inscription, l&rsquo;e-mail, le forum, etc., ou le fait de vous contacter si vous avez indiqu\u00e9 votre autorisation \u00e0 le faire en acceptant d&rsquo;autres notifications et annonces de service de notre part sur votre page de profil de membre. Vous pouvez choisir de ne plus recevoir de notifications suppl\u00e9mentaires \u00e0 partir de votre page de profil de membre. Nous ne partageons pas cette information avec les parties ext\u00e9rieures.<\/p>\n<p><strong>Enqu\u00eates<\/strong><br \/>Lorsque vous utilisez nos services gratuits, il peut vous \u00eatre demand\u00e9 de participer \u00e0 nos enqu\u00eates internes p\u00e9riodiques men\u00e9es par Mexxus pour d\u00e9terminer vos int\u00e9r\u00eats personnels. Ces enqu\u00eates sont strictement volontaires. Les donn\u00e9es collect\u00e9es gr\u00e2ce \u00e0 ces enqu\u00eates seront utilis\u00e9es uniquement pour am\u00e9liorer nos produits et services et ne seront jamais vendues \u00e0 des tiers.<\/p>\n<p><strong>Communications du site<\/strong><br \/>Lorsque nous recevons un e-mail, nous utilisons les adresses e-mail de retour pour r\u00e9pondre avec les informations demand\u00e9es. Ces adresses ne sont utilis\u00e9es \u00e0 aucune autre fin et ne sont pas partag\u00e9es avec des tiers. Lorsque vous fournissez vos coordonn\u00e9es \u00e0 Mexxus, vous pouvez indiquer votre pr\u00e9f\u00e9rence si vous souhaitez \u00eatre contact\u00e9 pour recevoir des informations et des mises \u00e0 jour sur nos services en vous connectant \u00e0 votre compte Mexxus, en acc\u00e9dant \u00e0 votre page de profil de membre et en choisissant de ne plus recevoir d&rsquo;e-mails de notification de la part de Mexxus. nous ou d&rsquo;autres informations relatives \u00e0 Mexxus. Les informations que vous nous soumettez ne seront pas utilis\u00e9es \u00e0 cette fin, sauf si vous indiquez votre pr\u00e9f\u00e9rence. Lorsque vous fournissez vos coordonn\u00e9es \u00e0 Mexxus, vous pouvez indiquer votre pr\u00e9f\u00e9rence sur la page de profil de votre membre pour participer \u00e0 la newsletter Mexxus. Vous recevrez un email de confirmation de notre part lorsque vous passerez une commande sur notre site.<\/p>\n<p><strong>Bulletin<\/strong><br \/>Nous vous offrons la possibilit\u00e9 de vous inscrire et de vous d\u00e9sinscrire de notre newsletter \u00e0 tout moment. Notre newsletter est envoy\u00e9e chaque mois et contiendra donc certainement de nombreuses informations utiles et toutes les offres que nous pourrions avoir. Si vous ne souhaitez plus recevoir notre newsletter et nos communications promotionnelles, vous pouvez refuser de les recevoir \u00e0 tout moment.<\/p>\n<p><strong>Partage et divulgation d\u2019informations<\/strong><br \/>Nous collectons des informations sur les visiteurs de notre site Web \u00e0 l&rsquo;aide de Google Analytics. Nous utilisons ces informations pour mieux concevoir notre site Web et nos services. Ces informations ne sont jamais partag\u00e9es avec des tiers. Nous ne lions pas les donn\u00e9es globales des utilisateurs avec des informations personnellement identifiables.<\/p>\n<p><strong>Informations personnellement identifiables<\/strong><br \/>Mexxus ne partage, ne vend, ne loue ni n&rsquo;\u00e9change d&rsquo;informations personnelles identifiables avec des tiers. Nous n&rsquo;utilisons ni ne partageons jamais les informations personnelles identifiables qui nous sont fournies en ligne d&rsquo;une mani\u00e8re sans rapport avec celles d\u00e9crites dans la pr\u00e9sente politique de confidentialit\u00e9 sans vous donner \u00e9galement la possibilit\u00e9 de vous d\u00e9sinscrire ou d&rsquo;interdire de telles utilisations sans rapport.<\/p>\n<p><strong>Comment acc\u00e9der\/corriger vos informations<\/strong><br \/>Vous pouvez acc\u00e9der \u00e0 toutes vos informations personnelles identifiables que nous collectons en vous connectant \u00e0 votre compte Mexxus prot\u00e9g\u00e9 par mot de passe et en choisissant de mettre \u00e0 jour vos \u00ab Mes informations \u00bb. Nous utilisons cette proc\u00e9dure pour mieux prot\u00e9ger vos informations. Vous pouvez \u00e9galement corriger des erreurs factuelles dans vos informations personnelles identifiables en nous envoyant une demande montrant une erreur de mani\u00e8re cr\u00e9dible. Pour prot\u00e9ger votre vie priv\u00e9e et votre s\u00e9curit\u00e9, nous prendrons \u00e9galement des mesures raisonnables pour v\u00e9rifier votre identit\u00e9 avant d&rsquo;accorder l&rsquo;acc\u00e8s ou d&rsquo;apporter des corrections.<\/p>\n<p><strong>Conditions particuli\u00e8res<\/strong><br \/>Mexxus consid\u00e8re les e-mails transmis via notre service comme la correspondance priv\u00e9e entre l&rsquo;exp\u00e9diteur et le destinataire. Nous ne surveillerons, modifierons ni divulguerons le contenu des communications priv\u00e9es d&rsquo;un utilisateur, sauf si la loi l&rsquo;exige, pour nous conformer \u00e0 une proc\u00e9dure judiciaire, si n\u00e9cessaire pour faire respecter le contrat de service, pour r\u00e9pondre aux r\u00e9clamations selon lesquelles ce contenu viole les droits de tiers. -parties, ou pour prot\u00e9ger les droits ou la propri\u00e9t\u00e9 de Ma Soci\u00e9t\u00e9. En utilisant le service, vous acceptez que le traitement technique des communications par courrier \u00e9lectronique est et peut \u00eatre n\u00e9cessaire pour envoyer et recevoir des messages, pour se conformer aux exigences techniques des r\u00e9seaux de connexion, pour se conformer aux limitations du Service ou pour se conformer \u00e0 d&rsquo;autres exigences techniques similaires. exigences. En utilisant le service, vous reconnaissez et acceptez que Mexxus n&rsquo;approuve pas le contenu des communications des utilisateurs et n&rsquo;est pas responsable de tout contenu ill\u00e9gal, harcelant, diffamatoire, portant atteinte \u00e0 la vie priv\u00e9e, abusif, mena\u00e7ant, nuisible, vulgaire, obsc\u00e8ne, tortueux ou autre. contenu r\u00e9pr\u00e9hensible, ou contenu qui enfreint ou peut enfreindre la propri\u00e9t\u00e9 intellectuelle ou d\u2019autres droits d\u2019autrui.<\/p>\n<p><strong>Avertissement l\u00e9gal<\/strong><br \/>Nous nous r\u00e9servons le droit de divulguer vos informations personnellement identifiables comme l&rsquo;exige la loi et lorsque nous pensons que la divulgation est n\u00e9cessaire pour prot\u00e9ger nos droits et\/ou pour nous conformer \u00e0 une proc\u00e9dure judiciaire, une ordonnance d&rsquo;un tribunal ou une proc\u00e9dure judiciaire signifi\u00e9e sur notre site Web.<\/p>\n<p><strong>S\u00e9curit\u00e9<\/strong><br \/>La s\u00e9curit\u00e9 de vos informations personnelles est importante pour nous. Nous suivons les normes g\u00e9n\u00e9ralement accept\u00e9es de l&rsquo;industrie pour prot\u00e9ger les informations personnelles qui nous sont soumises, \u00e0 la fois pendant la transmission et une fois que nous les recevons. Aucune m\u00e9thode de transmission sur Internet, ni aucune m\u00e9thode de stockage \u00e9lectronique, n&rsquo;est s\u00e9curis\u00e9e \u00e0 100 %, mais nous avons pris toutes les mesures possibles pour s\u00e9curiser vos informations. Ce site Web est prot\u00e9g\u00e9 par Secure Sockets Layer (SSL) pour prot\u00e9ger vos informations. Par cons\u00e9quent, m\u00eame si nous nous effor\u00e7ons d\u2019utiliser des moyens commercialement acceptables pour prot\u00e9ger vos informations personnelles, nous ne pouvons garantir leur s\u00e9curit\u00e9 absolue.<\/p>\n<p><strong>Liens vers d&rsquo;autres sites<\/strong><br \/>Ce site Web contient des liens vers d&rsquo;autres sites qui n&rsquo;appartiennent ni ne sont contr\u00f4l\u00e9s par Mexxus. Veuillez noter que nous, Mexxus, ne sommes pas responsables des pratiques de confidentialit\u00e9 de ces autres sites. Nous vous encourageons \u00e0 \u00eatre vigilant lorsque vous quittez notre site et \u00e0 lire les d\u00e9clarations de confidentialit\u00e9 de chaque site Web qui collecte des informations personnellement identifiables. Cette d\u00e9claration de confidentialit\u00e9 s&rsquo;applique uniquement aux informations collect\u00e9es par ce site Web.<\/p>\n<p>Modifications apport\u00e9es \u00e0 cette d\u00e9claration de confidentialit\u00e9<br \/>Si nous d\u00e9cidons de modifier notre politique de confidentialit\u00e9, nous publierons ces modifications dans cette d\u00e9claration de confidentialit\u00e9, sur la page d&rsquo;accueil et \u00e0 d&rsquo;autres endroits que nous jugeons appropri\u00e9s afin que vous sachiez quelles informations nous collectons, comment nous les utilisons et dans quelles circonstances. le cas \u00e9ch\u00e9ant, nous le divulguons. Nous nous r\u00e9servons le droit de modifier cette d\u00e9claration de confidentialit\u00e9 \u00e0 tout moment, veuillez donc la consulter fr\u00e9quemment. Si nous apportons des modifications importantes \u00e0 cette politique, nous vous en informerons ici, par e-mail ou au moyen d&rsquo;un avis sur notre page d&rsquo;accueil. Pour plus d\u2019informations, n\u2019h\u00e9sitez pas \u00e0 poser vos questions via notre site internet.<\/p>\n<p>&nbsp;<\/p>\n<h3>Si vous n&rsquo;\u00eates pas d&rsquo;accord avec les termes de cette politique de confidentialit\u00e9, N&rsquo;UTILISEZ PAS NOTRE SITE WEB ET NOS SERVICES.<\/h3>\n<p>[\/et_pb_text][\/et_pb_column][\/et_pb_row][\/et_pb_section]<\/p>\n","protected":false},"excerpt":{"rendered":"<p>Votre vie priv\u00e9e est tr\u00e8s importante pour nous. Vous trouverez ci-dessous les informations que nous collectons aupr\u00e8s de vous, ce que nous faisons avec ces informations et notre politique de s\u00e9curit\u00e9 des informations. Vos informationsLorsque vous vous inscrivez \u00e0 l&rsquo;un de nos services, nous vous demanderons de fournir vos coordonn\u00e9es pour votre commodit\u00e9 ainsi que [&hellip;]<\/p>\n","protected":false},"author":1,"featured_media":0,"parent":0,"menu_order":0,"comment_status":"closed","ping_status":"closed","template":"","meta":{"_et_pb_use_builder":"on","_et_pb_old_content":"","_et_gb_content_width":"","footnotes":""},"class_list":["post-54432","page","type-page","status-publish","hentry"],"_links":{"self":[{"href":"https:\/\/mexxusmedia.com\/fr\/wp-json\/wp\/v2\/pages\/54432","targetHints":{"allow":["GET"]}}],"collection":[{"href":"https:\/\/mexxusmedia.com\/fr\/wp-json\/wp\/v2\/pages"}],"about":[{"href":"https:\/\/mexxusmedia.com\/fr\/wp-json\/wp\/v2\/types\/page"}],"author":[{"embeddable":true,"href":"https:\/\/mexxusmedia.com\/fr\/wp-json\/wp\/v2\/users\/1"}],"replies":[{"embeddable":true,"href":"https:\/\/mexxusmedia.com\/fr\/wp-json\/wp\/v2\/comments?post=54432"}],"version-history":[{"count":7,"href":"https:\/\/mexxusmedia.com\/fr\/wp-json\/wp\/v2\/pages\/54432\/revisions"}],"predecessor-version":[{"id":72718,"href":"https:\/\/mexxusmedia.com\/fr\/wp-json\/wp\/v2\/pages\/54432\/revisions\/72718"}],"wp:attachment":[{"href":"https:\/\/mexxusmedia.com\/fr\/wp-json\/wp\/v2\/media?parent=54432"}],"curies":[{"name":"wp","href":"https:\/\/api.w.org\/{rel}","templated":true}]}}