{"id":53055,"date":"2021-04-21T17:36:47","date_gmt":"2021-04-21T17:36:47","guid":{"rendered":"https:\/\/mexxusmedia.com\/gestion-de-la-reputation-en-ligne\/"},"modified":"2021-04-21T17:36:49","modified_gmt":"2021-04-21T17:36:49","slug":"gestion-de-la-reputation-en-ligne","status":"publish","type":"page","link":"https:\/\/mexxusmedia.com\/fr\/gestion-de-la-reputation-en-ligne\/","title":{"rendered":"Gestion de la R\u00e9putation en Ligne"},"content":{"rendered":"\n[et_pb_section fb_built=\u00a0\u00bb1&Prime; fullwidth=\u00a0\u00bbon\u00a0\u00bb _builder_version=\u00a0\u00bb4.6.1&Prime; _module_preset=\u00a0\u00bbdefault\u00a0\u00bb hover_enabled=\u00a0\u00bb0&Prime; sticky_enabled=\u00a0\u00bb0&Prime;][et_pb_fullwidth_slider use_bg_overlay=\u00a0\u00bboff\u00a0\u00bb use_text_overlay=\u00a0\u00bboff\u00a0\u00bb _builder_version=\u00a0\u00bb4.8.1&Prime; _module_preset=\u00a0\u00bbdefault\u00a0\u00bb background_color=\u00a0\u00bbrgba(0,0,0,0)\u00a0\u00bb custom_margin=\u00a0\u00bb||||false|false\u00a0\u00bb custom_padding=\u00a0\u00bb80px||80px||false|false\u00a0\u00bb animation_style=\u00a0\u00bbfade\u00a0\u00bb auto=\u00a0\u00bbon\u00a0\u00bb hover_enabled=\u00a0\u00bb0&Prime; sticky_enabled=\u00a0\u00bb0&Prime;][et_pb_slide heading=\u00a0\u00bbGestion de la R\u00e9putation en Ligne\u00a0\u00bb button_text=\u00a0\u00bbContactez-nous\u00a0\u00bb button_link=\u00a0\u00bbhttps:\/\/mexxusmedia.com\/fr\/connect\/\u00a0\u00bb use_bg_overlay=\u00a0\u00bboff\u00a0\u00bb use_text_overlay=\u00a0\u00bboff\u00a0\u00bb _builder_version=\u00a0\u00bb4.8.1&Prime; _module_preset=\u00a0\u00bbdefault\u00a0\u00bb header_level=\u00a0\u00bbh1&Prime; header_font=\u00a0\u00bbMontserrat|700|||||||\u00a0\u00bb header_text_align=\u00a0\u00bbleft\u00a0\u00bb header_font_size=\u00a0\u00bb60px\u00a0\u00bb header_line_height=\u00a0\u00bb1.5em\u00a0\u00bb body_font_size=\u00a0\u00bb28px\u00a0\u00bb background_color=\u00a0\u00bbrgba(0,0,0,0.53)\u00a0\u00bb background_enable_color=\u00a0\u00bbon\u00a0\u00bb background_image=\u00a0\u00bbhttps:\/\/mexxusmedia.com\/wp-content\/uploads\/2021\/03\/star-rating-feedback.jpg\u00a0\u00bb background_enable_image=\u00a0\u00bbon\u00a0\u00bb background_position=\u00a0\u00bbtop_center\u00a0\u00bb background_blend=\u00a0\u00bboverlay\u00a0\u00bb custom_button=\u00a0\u00bbon\u00a0\u00bb button_bg_color=\u00a0\u00bb#0c71c3&Prime; button_border_color=\u00a0\u00bbrgba(0,0,0,0)\u00a0\u00bb button_border_radius=\u00a0\u00bb50px\u00a0\u00bb button_alignment=\u00a0\u00bbleft\u00a0\u00bb width=\u00a0\u00bb100%\u00a0\u00bb max_width=\u00a0\u00bb100%\u00a0\u00bb hover_enabled=\u00a0\u00bb0&Prime; sticky_transition=\u00a0\u00bbon\u00a0\u00bb title_text=\u00a0\u00bbstar-rating-feedback\u00a0\u00bb sticky_enabled=\u00a0\u00bb0&Prime;]<h2 style=\"text-align: left;\">Gr\u00e2ce \u00e0 notre Logiciel de Gestion de la R\u00e9putation, vous pouvez obtenir davantage d&rsquo;avis positifs de la part de vos clients sur N\u2019IMPORTE quel site de votre choix.<\/h2>[\/et_pb_slide][\/et_pb_fullwidth_slider][\/et_pb_section][et_pb_section fb_built=\u00a0\u00bb1&Prime; _builder_version=\u00a0\u00bb3.22.7&Prime; background_color=\u00a0\u00bb#ededed\u00a0\u00bb custom_padding=\u00a0\u00bb80px||80px||true|false\u00a0\u00bb][et_pb_row column_structure=\u00a0\u00bb1_2,1_2&Prime; _builder_version=\u00a0\u00bb3.25&Prime; custom_padding=\u00a0\u00bb|0px||0px|false|false\u00a0\u00bb animation_direction=\u00a0\u00bbtop\u00a0\u00bb][et_pb_column type=\u00a0\u00bb1_2&Prime; _builder_version=\u00a0\u00bb3.25&Prime; custom_padding=\u00a0\u00bb|||\u00a0\u00bb custom_padding__hover=\u00a0\u00bb|||\u00a0\u00bb][et_pb_text admin_label=\u00a0\u00bb1&Prime; _builder_version=\u00a0\u00bb4.8.1&Prime; text_font=\u00a0\u00bb||||\u00a0\u00bb text_text_color=\u00a0\u00bb#1a1a1a\u00a0\u00bb header_font=\u00a0\u00bbPoppins|700||on|||||\u00a0\u00bb header_text_align=\u00a0\u00bbleft\u00a0\u00bb header_text_color=\u00a0\u00bb#000000&Prime; header_font_size=\u00a0\u00bb40px\u00a0\u00bb header_line_height=\u00a0\u00bb1.3em\u00a0\u00bb header_3_font=\u00a0\u00bbPoppins|700|||||||\u00a0\u00bb header_3_font_size=\u00a0\u00bb48px\u00a0\u00bb custom_margin=\u00a0\u00bb|||\u00a0\u00bb custom_padding=\u00a0\u00bb|||\u00a0\u00bb animation_direction=\u00a0\u00bbtop\u00a0\u00bb hover_enabled=\u00a0\u00bb0&Prime; header_font_size_tablet=\u00a0\u00bb\u00a0\u00bb header_font_size_phone=\u00a0\u00bb20px\u00a0\u00bb header_font_size_last_edited=\u00a0\u00bbon|desktop\u00a0\u00bb locked=\u00a0\u00bboff\u00a0\u00bb sticky_enabled=\u00a0\u00bb0&Prime;]<h3>Logiciel de Gestion de la R\u00e9putation<\/h3>[\/et_pb_text][et_pb_divider color=\u00a0\u00bb#000000&Prime; divider_position=\u00a0\u00bbcenter\u00a0\u00bb divider_weight=\u00a0\u00bb2px\u00a0\u00bb disabled_on=\u00a0\u00bboff|off|off\u00a0\u00bb _builder_version=\u00a0\u00bb3.22.7&Prime; max_width=\u00a0\u00bb150px\u00a0\u00bb height=\u00a0\u00bbfalse\u00a0\u00bb custom_margin=\u00a0\u00bb-25px||\u00a0\u00bb animation_direction=\u00a0\u00bbtop\u00a0\u00bb locked=\u00a0\u00bboff\u00a0\u00bb][\/et_pb_divider][et_pb_text admin_label=\u00a0\u00bb1&Prime; _builder_version=\u00a0\u00bb4.8.1&Prime; text_font=\u00a0\u00bbPoppins||||||||\u00a0\u00bb text_text_color=\u00a0\u00bb#000000&Prime; text_font_size=\u00a0\u00bb20px\u00a0\u00bb text_line_height=\u00a0\u00bb1.8em\u00a0\u00bb header_2_font_size=\u00a0\u00bb22px\u00a0\u00bb header_2_line_height=\u00a0\u00bb1.2em\u00a0\u00bb custom_padding=\u00a0\u00bb10px|||\u00a0\u00bb animation_direction=\u00a0\u00bbtop\u00a0\u00bb hover_enabled=\u00a0\u00bb0&Prime; locked=\u00a0\u00bboff\u00a0\u00bb sticky_enabled=\u00a0\u00bb0&Prime;]<h2>Les avis des clients peuvent faire ou d\u00e9faire votre r\u00e9putation en ligne. Malheureusement, la majorit\u00e9 des clients qui sont motiv\u00e9s pour laisser des avis finissent souvent par donner un avis n\u00e9gatif. Avec notre logiciel de gestion de la r\u00e9putation, vous pouvez obtenir plus d&rsquo;avis positifs sur N&rsquo;IMPORTE quel site de votre choix, et traiter en priv\u00e9 tout avis d\u00e9favorable !<\/h2>[\/et_pb_text][et_pb_video src=\u00a0\u00bbhttps:\/\/mexxusmedia.com\/wp-content\/uploads\/2021\/03\/mexxus-reputationmanagement.mp4&Prime; _builder_version=\u00a0\u00bb4.8.1&Prime; _module_preset=\u00a0\u00bbdefault\u00a0\u00bb title_text=\u00a0\u00bbmexxus-reputationmanagement\u00a0\u00bb hover_enabled=\u00a0\u00bb0&Prime; sticky_enabled=\u00a0\u00bb0&Prime;][\/et_pb_video][\/et_pb_column][et_pb_column type=\u00a0\u00bb1_2&Prime; _builder_version=\u00a0\u00bb3.25&Prime; custom_padding=\u00a0\u00bb|||\u00a0\u00bb custom_padding__hover=\u00a0\u00bb|||\u00a0\u00bb][et_pb_text admin_label=\u00a0\u00bb1&Prime; _builder_version=\u00a0\u00bb4.8.1&Prime; text_font=\u00a0\u00bbRoboto|300|||||||\u00a0\u00bb text_text_color=\u00a0\u00bb#000000&Prime; text_font_size=\u00a0\u00bb15px\u00a0\u00bb text_line_height=\u00a0\u00bb1.8em\u00a0\u00bb custom_padding=\u00a0\u00bb|||\u00a0\u00bb animation_direction=\u00a0\u00bbtop\u00a0\u00bb hover_enabled=\u00a0\u00bb0&Prime; locked=\u00a0\u00bboff\u00a0\u00bb sticky_enabled=\u00a0\u00bb0&Prime;]<p><strong>Obtenez Facilement plus d\u2019Avis des Clients<\/strong><\/p>\r\n<p>Avec un seul extrait de code, vous pouvez recueillir des avis partout : Sur votre pied de page d&#8217;email, votre page de remerciement, ou l&rsquo;envoyer \u00e0 votre liste d&#8217;email. S&rsquo;ils vous \u00e9valuent positivement avec 4 ou 5 \u00e9toiles, ils sont invit\u00e9s \u00e0 laisser un avis sur le site de votre choix ! Si le client vous attribue une note de 1 \u00e0 3 \u00e9toiles et exprime un sentiment n\u00e9gatif, il est invit\u00e9 \u00e0 vous envoyer un message priv\u00e9, ce qui vous donne l&rsquo;occasion de r\u00e9gler le probl\u00e8me.<\/p>\r\n<p><strong>Obtenez des Avis sur les Sites qui Comptent le Plus<\/strong><\/p>\r\n<p>Gr\u00e2ce \u00e0 notre plateforme d&rsquo;\u00e9valuation, vous pouvez s\u00e9lectionner le(s) site(s) sur le(s)quel(s) vous souhaitez voir appara\u00eetre vos \u00e9valuations positives. Choisissez parmi plus de 50 sites d&rsquo;\u00e9valuation, dont Google, Yelp, Facebook et bien d&rsquo;autres !<\/p>\r\n<p><strong>\u00c9vitez les Avis N\u00e9gatifs<\/strong><\/p>\r\n<p>De nombreux avis n\u00e9gatifs sont dus \u00e0 un simple malentendu qui pourrait \u00eatre \u00e9vit\u00e9. En pr\u00e9s\u00e9lectionnant les \u00e9valuateurs \u00e0 l&rsquo;aide de notre syst\u00e8me d&rsquo;\u00e9valuation \u00e0 5 \u00e9toiles, les clients qui auraient laiss\u00e9 des avis n\u00e9gatifs sont dirig\u00e9s vers un formulaire o\u00f9 ils pourront traiter le probl\u00e8me en priv\u00e9. Vous avez ainsi la possibilit\u00e9 de r\u00e9soudre le probl\u00e8me avant qu&rsquo;ils ne laissent un avis public.<\/p>\n[\/et_pb_text][\/et_pb_column][\/et_pb_row][\/et_pb_section][et_pb_section fb_built=\u00a0\u00bb1&Prime; _builder_version=\u00a0\u00bb3.26.3&Prime; custom_padding=\u00a0\u00bb80px||80px||true|false\u00a0\u00bb][et_pb_row column_structure=\u00a0\u00bb1_2,1_2&Prime; use_custom_gutter=\u00a0\u00bbon\u00a0\u00bb gutter_width=\u00a0\u00bb2&Prime; make_equal=\u00a0\u00bbon\u00a0\u00bb custom_padding_last_edited=\u00a0\u00bboff|desktop\u00a0\u00bb padding_top_bottom_link_1=\u00a0\u00bbtrue\u00a0\u00bb _builder_version=\u00a0\u00bb4.8.1&Prime; width_tablet=\u00a0\u00bb94%\u00a0\u00bb width_phone=\u00a0\u00bb94%\u00a0\u00bb width_last_edited=\u00a0\u00bboff|phone\u00a0\u00bb max_width_tablet=\u00a0\u00bb94%\u00a0\u00bb max_width_phone=\u00a0\u00bb94%\u00a0\u00bb max_width_last_edited=\u00a0\u00bboff|tablet\u00a0\u00bb custom_padding_tablet=\u00a0\u00bb22px||\u00a0\u00bb hover_enabled=\u00a0\u00bb0&Prime; sticky_enabled=\u00a0\u00bb0&Prime;][et_pb_column type=\u00a0\u00bb1_2&Prime; _builder_version=\u00a0\u00bb3.26.3&Prime; custom_padding=\u00a0\u00bb|44px|||false|false\u00a0\u00bb custom_padding_tablet=\u00a0\u00bb|0px|||false|false\u00a0\u00bb custom_padding_phone=\u00a0\u00bb|0px|||false|false\u00a0\u00bb custom_padding_last_edited=\u00a0\u00bbon|tablet\u00a0\u00bb custom_padding__hover=\u00a0\u00bb|||\u00a0\u00bb][et_pb_text _builder_version=\u00a0\u00bb4.8.1&Prime; header_font=\u00a0\u00bbPoppins|600||on|||||\u00a0\u00bb header_text_align=\u00a0\u00bbleft\u00a0\u00bb header_text_color=\u00a0\u00bb#000000&Prime; header_letter_spacing=\u00a0\u00bb1px\u00a0\u00bb header_line_height=\u00a0\u00bb1.3em\u00a0\u00bb max_width=\u00a0\u00bb500px\u00a0\u00bb hover_enabled=\u00a0\u00bb0&Prime; header_font_size_tablet=\u00a0\u00bb\u00a0\u00bb header_font_size_phone=\u00a0\u00bb25px\u00a0\u00bb header_font_size_last_edited=\u00a0\u00bbon|desktop\u00a0\u00bb sticky_enabled=\u00a0\u00bb0&Prime;]<h1>Comment cela Fonctionne<\/h1>\n[\/et_pb_text][et_pb_divider color=\u00a0\u00bb#000000&Prime; divider_weight=\u00a0\u00bb3px\u00a0\u00bb _builder_version=\u00a0\u00bb3.26.3&Prime; max_width=\u00a0\u00bb108px\u00a0\u00bb custom_margin=\u00a0\u00bb-2px||||false|false\u00a0\u00bb custom_margin_tablet=\u00a0\u00bb-20px||12px||false|false\u00a0\u00bb custom_margin_phone=\u00a0\u00bb-20px||12px||false|false\u00a0\u00bb custom_margin_last_edited=\u00a0\u00bbon|tablet\u00a0\u00bb][\/et_pb_divider][\/et_pb_column][et_pb_column type=\u00a0\u00bb1_2&Prime; _builder_version=\u00a0\u00bb4.8.1&Prime; custom_padding=\u00a0\u00bb|||\u00a0\u00bb hover_enabled=\u00a0\u00bb0&Prime; custom_padding__hover=\u00a0\u00bb|||\u00a0\u00bb background_enable_image=\u00a0\u00bboff\u00a0\u00bb sticky_enabled=\u00a0\u00bb0&Prime;][\/et_pb_column][\/et_pb_row][et_pb_row column_structure=\u00a0\u00bb1_2,1_2&Prime; use_custom_gutter=\u00a0\u00bbon\u00a0\u00bb gutter_width=\u00a0\u00bb2&Prime; make_equal=\u00a0\u00bbon\u00a0\u00bb custom_padding_last_edited=\u00a0\u00bboff|desktop\u00a0\u00bb padding_top_bottom_link_1=\u00a0\u00bbtrue\u00a0\u00bb _builder_version=\u00a0\u00bb4.8.1&Prime; width_tablet=\u00a0\u00bb94%\u00a0\u00bb width_phone=\u00a0\u00bb94%\u00a0\u00bb width_last_edited=\u00a0\u00bboff|phone\u00a0\u00bb max_width_tablet=\u00a0\u00bb94%\u00a0\u00bb max_width_phone=\u00a0\u00bb94%\u00a0\u00bb max_width_last_edited=\u00a0\u00bboff|tablet\u00a0\u00bb custom_padding_tablet=\u00a0\u00bb22px||\u00a0\u00bb hover_enabled=\u00a0\u00bb0&Prime; sticky_enabled=\u00a0\u00bb0&Prime;][et_pb_column type=\u00a0\u00bb1_2&Prime; _builder_version=\u00a0\u00bb3.26.3&Prime; custom_padding=\u00a0\u00bb|44px|||false|false\u00a0\u00bb custom_padding_tablet=\u00a0\u00bb|0px|||false|false\u00a0\u00bb custom_padding_phone=\u00a0\u00bb|0px|||false|false\u00a0\u00bb custom_padding_last_edited=\u00a0\u00bbon|tablet\u00a0\u00bb custom_padding__hover=\u00a0\u00bb|||\u00a0\u00bb][et_pb_text _builder_version=\u00a0\u00bb4.8.1&Prime; text_font=\u00a0\u00bbRoboto|300|||||||\u00a0\u00bb text_text_color=\u00a0\u00bb#000000&Prime; text_font_size=\u00a0\u00bb15px\u00a0\u00bb text_line_height=\u00a0\u00bb1.8em\u00a0\u00bb max_width=\u00a0\u00bb516px\u00a0\u00bb module_alignment=\u00a0\u00bbleft\u00a0\u00bb custom_margin=\u00a0\u00bb-7px||\u00a0\u00bb hover_enabled=\u00a0\u00bb0&Prime; text_text_align=\u00a0\u00bbleft\u00a0\u00bb sticky_enabled=\u00a0\u00bb0&Prime;]<p><strong>Inscription et Installation du widget<\/strong><br \/> Il suffit de s&rsquo;inscrire et d&rsquo;installer votre widget personnalis\u00e9. Vous pouvez le placer o\u00f9 vous voulez &#8211; sur votre site Web, votre page de remerciement, le pied de page de vos e-mails, ou m\u00eame l&rsquo;envoyer \u00e0 toute votre liste d&rsquo;e-mails. Vous pouvez s\u00e9lectionner les sites sur lesquels vous souhaitez am\u00e9liorer vos \u00e9valuations !<\/p>\r\n<p><strong>Les Clients vous \u00c9valuent<\/strong><br \/> Les clients vous \u00e9valuent sur une \u00e9chelle de 1 \u00e0 5 \u00e9toiles. Toute note inf\u00e9rieure \u00e0 4 \u00e9toiles renvoie l&rsquo;\u00e9valuateur vers un formulaire priv\u00e9 pour prendre directement contact avec vous, ce qui \u00e9vite les \u00e9valuations publiques n\u00e9gatives ! Toutes les notes de 4 ou 5 \u00e9toiles seront invit\u00e9es \u00e0 laisser un avis sur le site Web de votre choix !<\/p>\n[\/et_pb_text][\/et_pb_column][et_pb_column type=\u00a0\u00bb1_2&Prime; _builder_version=\u00a0\u00bb4.8.1&Prime; custom_padding=\u00a0\u00bb|||\u00a0\u00bb hover_enabled=\u00a0\u00bb0&Prime; custom_padding__hover=\u00a0\u00bb|||\u00a0\u00bb background_enable_image=\u00a0\u00bboff\u00a0\u00bb sticky_enabled=\u00a0\u00bb0&Prime;][et_pb_text _builder_version=\u00a0\u00bb4.8.1&Prime; text_font=\u00a0\u00bbRoboto|300|||||||\u00a0\u00bb text_text_color=\u00a0\u00bb#000000&Prime; text_font_size=\u00a0\u00bb15px\u00a0\u00bb text_line_height=\u00a0\u00bb1.8em\u00a0\u00bb max_width=\u00a0\u00bb516px\u00a0\u00bb module_alignment=\u00a0\u00bbleft\u00a0\u00bb custom_margin=\u00a0\u00bb-7px||\u00a0\u00bb hover_enabled=\u00a0\u00bb0&Prime; text_text_align=\u00a0\u00bbleft\u00a0\u00bb sticky_enabled=\u00a0\u00bb0&Prime;]<p><strong>Vos Scores d&rsquo;\u00c9valuation Grimpent en Fl\u00e8che<\/strong><br \/> Les avis positifs augmentent sur les sites qui comptent le plus pour vous. Cela favorise les conversions, les classements et la confiance ! En outre, vous pouvez placer un \u00ab carrousel d&rsquo;avis \u00bb sur votre site Web pour afficher tous les avis positifs que vous avez recueillis.<\/p>\r\n<p><strong>Fonctionnalit\u00e9s<\/strong><br \/> Notre solution est dot\u00e9e de toutes les fonctionnalit\u00e9s dont vous avez besoin pour collecter, surveiller et promouvoir les avis de vos clients !<\/p>\n[\/et_pb_text][\/et_pb_column][\/et_pb_row][\/et_pb_section][et_pb_section fb_built=\u00a0\u00bb1&Prime; _builder_version=\u00a0\u00bb4.6.1&Prime; background_color=\u00a0\u00bb#4d8dc1&Prime; custom_padding=\u00a0\u00bb80px|0px|80px|0px|true|false\u00a0\u00bb][et_pb_row column_structure=\u00a0\u00bb1_2,1_2&Prime; use_custom_gutter=\u00a0\u00bbon\u00a0\u00bb gutter_width=\u00a0\u00bb2&Prime; _builder_version=\u00a0\u00bb4.8.1&Prime; custom_padding=\u00a0\u00bb||4px\u00a0\u00bb hover_enabled=\u00a0\u00bb0&Prime; sticky_enabled=\u00a0\u00bb0&Prime;][et_pb_column type=\u00a0\u00bb1_2&Prime; _builder_version=\u00a0\u00bb3.25&Prime; custom_padding=\u00a0\u00bb|||\u00a0\u00bb custom_padding__hover=\u00a0\u00bb|||\u00a0\u00bb][et_pb_text _builder_version=\u00a0\u00bb4.8.1&Prime; text_font=\u00a0\u00bbPoppins|700||on|||||\u00a0\u00bb text_text_color=\u00a0\u00bb#ffffff\u00a0\u00bb text_font_size=\u00a0\u00bb30px\u00a0\u00bb text_line_height=\u00a0\u00bb1.2em\u00a0\u00bb custom_padding=\u00a0\u00bb6px|||\u00a0\u00bb hover_enabled=\u00a0\u00bb0&Prime; text_font_size_tablet=\u00a0\u00bb\u00a0\u00bb text_font_size_phone=\u00a0\u00bb25px\u00a0\u00bb text_font_size_last_edited=\u00a0\u00bbon|desktop\u00a0\u00bb sticky_enabled=\u00a0\u00bb0&Prime;]Syst\u00e8me d&rsquo;acquisition[\/et_pb_text][et_pb_text _builder_version=\u00a0\u00bb4.8.1&Prime; text_font=\u00a0\u00bbRoboto|300|||||||\u00a0\u00bb text_text_color=\u00a0\u00bb#ffffff\u00a0\u00bb text_font_size=\u00a0\u00bb18px\u00a0\u00bb text_line_height=\u00a0\u00bb1.8em\u00a0\u00bb custom_margin_tablet=\u00a0\u00bb-20px||40px\u00a0\u00bb custom_margin_phone=\u00a0\u00bb-18px||35px\u00a0\u00bb custom_margin_last_edited=\u00a0\u00bbon|desktop\u00a0\u00bb custom_padding=\u00a0\u00bb|27px||\u00a0\u00bb hover_enabled=\u00a0\u00bb0&Prime; border_color_left=\u00a0\u00bb#efefef\u00a0\u00bb sticky_enabled=\u00a0\u00bb0&Prime;]<p>Pour am\u00e9liorer votre r\u00e9putation, vous devez commencer \u00e0 recueillir des avis. Notre logiciel vous offre une grande vari\u00e9t\u00e9 d&rsquo;options pour recueillir un maximum d&rsquo;avis :<\/p>\r\n<p><em><strong>Widget int\u00e9grable<\/strong><\/em><br \/> Incorporez un widget sur votre site o\u00f9 vous le souhaitez. Un endroit populaire est la page de paiement ou la page de remerciement juste apr\u00e8s l&rsquo;achat d&rsquo;un client.<\/p>\r\n<p><em><strong>Widget de pied de page pour les emails<\/strong><\/em><br \/> Gr\u00e2ce \u00e0 notre widget de pied de page pour les emails, vous pouvez demander des \u00e9valuations dans chaque e-mail que vous envoyez ! Mettez ce widget au bas de tous les emails de support client.<\/p>\r\n<p><em><strong>Pr\u00e9vention des \u00e9valuations n\u00e9gatives<\/strong><\/em><br \/> Le widget \u00ab pr\u00e9-qualifie \u00bb les \u00e9valuateurs en leur demandant de vous noter sur une base de 1 \u00e0 5 \u00e9toiles. S&rsquo;ils vous donnent 4 ou 5 \u00e9toiles, ils sont invit\u00e9s \u00e0 laisser un avis public sur le site de votre choix. S&rsquo;ils vous attribuent moins de 4 \u00e9toiles, ils seront dirig\u00e9s vers un formulaire priv\u00e9 o\u00f9 ils pourront contacter votre service d&rsquo;assistance.<\/p>\r\n<p><em><strong>Plus de 50 sites d&rsquo;\u00e9valuation<\/strong><\/em><br \/> Notre widget s&rsquo;int\u00e8gre \u00e0 plus de 50 sites d&rsquo;\u00e9valuation et peut \u00e9galement \u00eatre li\u00e9 \u00e0 tout site ou URL de votre choix.<\/p>\r\n<p><em><strong>Collectez un nombre illimit\u00e9 d&rsquo;avis<\/strong><\/em><br \/> Il n&rsquo;y a pas de limite au nombre d&rsquo;avis recueillis.<\/p>\n[\/et_pb_text][\/et_pb_column][et_pb_column type=\u00a0\u00bb1_2&Prime; _builder_version=\u00a0\u00bb3.25&Prime; custom_padding=\u00a0\u00bb|||\u00a0\u00bb custom_padding__hover=\u00a0\u00bb|||\u00a0\u00bb][et_pb_text _builder_version=\u00a0\u00bb4.8.1&Prime; text_font=\u00a0\u00bbPoppins|700||on|||||\u00a0\u00bb text_text_color=\u00a0\u00bb#ffffff\u00a0\u00bb text_font_size=\u00a0\u00bb30px\u00a0\u00bb text_line_height=\u00a0\u00bb1.2em\u00a0\u00bb custom_padding=\u00a0\u00bb6px|||\u00a0\u00bb hover_enabled=\u00a0\u00bb0&Prime; text_font_size_tablet=\u00a0\u00bb\u00a0\u00bb text_font_size_phone=\u00a0\u00bb25px\u00a0\u00bb text_font_size_last_edited=\u00a0\u00bbon|desktop\u00a0\u00bb sticky_enabled=\u00a0\u00bb0&Prime;]<p>Automatisez la Demande d&rsquo;Avis<\/p>[\/et_pb_text][et_pb_text _builder_version=\u00a0\u00bb4.8.1&Prime; text_font=\u00a0\u00bbRoboto|300|||||||\u00a0\u00bb text_text_color=\u00a0\u00bb#ffffff\u00a0\u00bb text_font_size=\u00a0\u00bb18px\u00a0\u00bb text_line_height=\u00a0\u00bb1.8em\u00a0\u00bb custom_margin_tablet=\u00a0\u00bb-20px||40px\u00a0\u00bb custom_margin_phone=\u00a0\u00bb-18px||35px\u00a0\u00bb custom_margin_last_edited=\u00a0\u00bbon|desktop\u00a0\u00bb custom_padding=\u00a0\u00bb|27px||\u00a0\u00bb hover_enabled=\u00a0\u00bb0&Prime; border_color_left=\u00a0\u00bb#efefef\u00a0\u00bb sticky_enabled=\u00a0\u00bb0&Prime;]<p>Pour maintenir un flux r\u00e9gulier d&rsquo;avis, il est essentiel d&rsquo;automatiser la demande d&rsquo;avis. Nous avons quelques fa\u00e7ons simples de le faire :<\/p>\r\n<p><em><strong>Campagnes d&#8217;emails sortants<\/strong><\/em><br \/> Gr\u00e2ce \u00e0 notre r\u00e9pondeur automatique pr\u00e9install\u00e9, vous pouvez automatiser la demande d&rsquo;avis. Il vous suffit de t\u00e9l\u00e9charger une liste d&#8217;emails et notre r\u00e9pondeur automatique enverra une s\u00e9rie de messages demandant des avis.<\/p>\r\n<p><em><strong>Campagnes de SMS sortants<\/strong><\/em><br \/> Vous pouvez \u00e9galement envoyer des campagnes de SMS directement depuis votre tableau de bord !<\/p>\r\n<p><em><strong>Suivi des avis et rapports<\/strong><\/em><br \/> Surveillez facilement tous les avis que vous recevez sur la plateforme ET en dehors de la plateforme. Gr\u00e2ce \u00e0 nos rapports, vous saurez toujours o\u00f9 vous en \u00eates !<\/p>\n[\/et_pb_text][et_pb_button button_text=\u00a0\u00bbContactez-nous d\u00e8s aujourd&rsquo;hui!\u00a0\u00bb _builder_version=\u00a0\u00bb4.8.1&Prime; _module_preset=\u00a0\u00bbdefault\u00a0\u00bb button_url=\u00a0\u00bbhttps:\/\/mexxusmedia.com\/fr\/connect\/\u00a0\u00bb hover_enabled=\u00a0\u00bb0&Prime; sticky_enabled=\u00a0\u00bb0&Prime; custom_button=\u00a0\u00bbon\u00a0\u00bb button_text_color=\u00a0\u00bb#FFFFFF\u00a0\u00bb button_bg_color=\u00a0\u00bb#000000&Prime; button_bg_enable_color=\u00a0\u00bbon\u00a0\u00bb][\/et_pb_button][\/et_pb_column][\/et_pb_row][\/et_pb_section]\n","protected":false},"excerpt":{"rendered":"<p>Gr\u00e2ce \u00e0 notre Logiciel de Gestion de la R\u00e9putation, vous pouvez obtenir davantage d&rsquo;avis positifs de la part de vos clients sur N\u2019IMPORTE quel site de votre choix.Logiciel de Gestion de la R\u00e9putationLes avis des clients peuvent faire ou d\u00e9faire votre r\u00e9putation en ligne. Malheureusement, la majorit\u00e9 des clients qui sont motiv\u00e9s pour laisser des [&hellip;]<\/p>\n","protected":false},"author":1,"featured_media":0,"parent":0,"menu_order":0,"comment_status":"closed","ping_status":"closed","template":"","meta":{"_et_pb_use_builder":"on","_et_pb_old_content":"","_et_gb_content_width":"","footnotes":""},"class_list":["post-53055","page","type-page","status-publish","hentry"],"_links":{"self":[{"href":"https:\/\/mexxusmedia.com\/fr\/wp-json\/wp\/v2\/pages\/53055","targetHints":{"allow":["GET"]}}],"collection":[{"href":"https:\/\/mexxusmedia.com\/fr\/wp-json\/wp\/v2\/pages"}],"about":[{"href":"https:\/\/mexxusmedia.com\/fr\/wp-json\/wp\/v2\/types\/page"}],"author":[{"embeddable":true,"href":"https:\/\/mexxusmedia.com\/fr\/wp-json\/wp\/v2\/users\/1"}],"replies":[{"embeddable":true,"href":"https:\/\/mexxusmedia.com\/fr\/wp-json\/wp\/v2\/comments?post=53055"}],"version-history":[{"count":1,"href":"https:\/\/mexxusmedia.com\/fr\/wp-json\/wp\/v2\/pages\/53055\/revisions"}],"predecessor-version":[{"id":53056,"href":"https:\/\/mexxusmedia.com\/fr\/wp-json\/wp\/v2\/pages\/53055\/revisions\/53056"}],"wp:attachment":[{"href":"https:\/\/mexxusmedia.com\/fr\/wp-json\/wp\/v2\/media?parent=53055"}],"curies":[{"name":"wp","href":"https:\/\/api.w.org\/{rel}","templated":true}]}}