{"id":51649,"date":"2020-10-22T13:36:30","date_gmt":"2020-10-22T13:36:30","guid":{"rendered":"https:\/\/mexxusmedia.com\/conceptions-de-site-web\/"},"modified":"2025-02-17T20:46:14","modified_gmt":"2025-02-17T20:46:14","slug":"conceptions-de-site-web","status":"publish","type":"page","link":"https:\/\/mexxusmedia.com\/fr\/conceptions-de-site-web\/","title":{"rendered":"Conceptions de site web"},"content":{"rendered":"<p>[et_pb_section fb_built=\u00a0\u00bb1&Prime; _builder_version=\u00a0\u00bb4.16&Prime; _module_preset=\u00a0\u00bbdefault\u00a0\u00bb custom_padding=\u00a0\u00bb10px||10px||false|false\u00a0\u00bb global_colors_info=\u00a0\u00bb{}\u00a0\u00bb][et_pb_row _builder_version=\u00a0\u00bb4.16&Prime; _module_preset=\u00a0\u00bbdefault\u00a0\u00bb global_colors_info=\u00a0\u00bb{}\u00a0\u00bb][et_pb_column type=\u00a0\u00bb4_4&Prime; _builder_version=\u00a0\u00bb4.16&Prime; _module_preset=\u00a0\u00bbdefault\u00a0\u00bb global_colors_info=\u00a0\u00bb{}\u00a0\u00bb][et_pb_text _builder_version=\u00a0\u00bb4.27.4&Prime; _module_preset=\u00a0\u00bbdefault\u00a0\u00bb hover_enabled=\u00a0\u00bb0&Prime; global_colors_info=\u00a0\u00bb{}\u00a0\u00bb sticky_enabled=\u00a0\u00bb0&Prime;]<\/p>\n<h1>Conceptions de site web:<\/h1>\n<p>[\/et_pb_text][\/et_pb_column][\/et_pb_row][\/et_pb_section][et_pb_section fb_built=\u00a0\u00bb1&Prime; _builder_version=\u00a0\u00bb4.16&Prime; custom_margin=\u00a0\u00bb||50px||false|false\u00a0\u00bb custom_padding=\u00a0\u00bb0px||0px||true|false\u00a0\u00bb global_colors_info=\u00a0\u00bb{}\u00a0\u00bb][et_pb_row padding_top_bottom_link_1=\u00a0\u00bbtrue\u00a0\u00bb _builder_version=\u00a0\u00bb4.16&Prime; width=\u00a0\u00bb98%\u00a0\u00bb width_tablet=\u00a0\u00bb90%\u00a0\u00bb width_phone=\u00a0\u00bb90%\u00a0\u00bb width_last_edited=\u00a0\u00bbon|phone\u00a0\u00bb max_width=\u00a0\u00bb1100px\u00a0\u00bb max_width_tablet=\u00a0\u00bb90%\u00a0\u00bb max_width_phone=\u00a0\u00bb90%\u00a0\u00bb max_width_last_edited=\u00a0\u00bbon|tablet\u00a0\u00bb custom_padding=\u00a0\u00bb0px||0px||true\u00a0\u00bb global_colors_info=\u00a0\u00bb{}\u00a0\u00bb][et_pb_column type=\u00a0\u00bb4_4&Prime; _builder_version=\u00a0\u00bb4.16&Prime; custom_padding=\u00a0\u00bb0px||0px|\u00a0\u00bb global_colors_info=\u00a0\u00bb{}\u00a0\u00bb custom_padding__hover=\u00a0\u00bb|||\u00a0\u00bb][et_pb_code _builder_version=\u00a0\u00bb4.27.4&Prime; hover_enabled=\u00a0\u00bb0&Prime; global_colors_info=\u00a0\u00bb{}\u00a0\u00bb sticky_enabled=\u00a0\u00bb0&Prime; raw_content_last_edited=\u00a0\u00bbon|desktop\u00a0\u00bb raw_content_phone=\u00a0\u00bb<iframe src=%22https:\/\/www.frame.express\/all-layouts\/%22 frameborder=%220%22 scrolling=%22yes%22 seamless=%22seamless%22 style=%22display:block; width:100%; height:2500px;%22><\/iframe>\u00ab\u00a0]<iframe src=\"https:\/\/www.frame.express\/all-layouts\/\" frameborder=\"0\" scrolling=\"yes\" seamless=\"seamless\" style=\"display:block; width:100%; height:1600px;\"><\/iframe>[\/et_pb_code][et_pb_button button_url=\u00a0\u00bbhttps:\/\/mexxusmedia.com\/fr\/conceptions-de-commerce-electronique\/\u00a0\u00bb button_text=\u00a0\u00bbVOIR LES CONCEPTIONS COMMERCE \u00c9LECTRONIQUE\u00a0\u00bb button_alignment=\u00a0\u00bbcenter\u00a0\u00bb _builder_version=\u00a0\u00bb4.16&Prime; _module_preset=\u00a0\u00bbdefault\u00a0\u00bb global_colors_info=\u00a0\u00bb{}\u00a0\u00bb][\/et_pb_button][\/et_pb_column][\/et_pb_row][et_pb_row _builder_version=\u00a0\u00bb4.27.4&Prime; _module_preset=\u00a0\u00bbdefault\u00a0\u00bb column_structure=\u00a0\u00bb3_5,2_5&Prime; custom_margin=\u00a0\u00bb50px||||false|false\u00a0\u00bb hover_enabled=\u00a0\u00bb0&Prime; sticky_enabled=\u00a0\u00bb0&Prime;][et_pb_column _builder_version=\u00a0\u00bb4.27.4&Prime; _module_preset=\u00a0\u00bbdefault\u00a0\u00bb type=\u00a0\u00bb3_5&Prime;][et_pb_text _builder_version=\u00a0\u00bb4.27.4&Prime; _module_preset=\u00a0\u00bbdefault\u00a0\u00bb text_font=\u00a0\u00bbRoboto|300|||||||\u00a0\u00bb text_text_color=\u00a0\u00bb#000000&Prime; text_font_size=\u00a0\u00bb15px\u00a0\u00bb text_line_height=\u00a0\u00bb1.8em\u00a0\u00bb hover_enabled=\u00a0\u00bb0&Prime; sticky_enabled=\u00a0\u00bb0&Prime;]<\/p>\n<p>Chez Mexxus Media Agency, nous comprenons que la cr\u00e9ation d\u2019un site web est bien plus qu\u2019un simple assemblage de pages. Avec le <a href=\"https:\/\/www.elegantthemes.com\" target=\"_blank\" rel=\"noopener\">th\u00e8me Divi<\/a>, chaque projet est une occasion de r\u00e9aliser une vision unique qui refl\u00e8te l&rsquo;identit\u00e9 de votre marque tout en maximisant l\u2019engagement des utilisateurs. Nos <a href=\"https:\/\/mexxusmedia.com\/fr\/creation-de-site-web\/\">conceptions de sites web<\/a> sont soigneusement \u00e9labor\u00e9es pour offrir non seulement une esth\u00e9tique captivante, mais aussi une fonctionnalit\u00e9 fluide qui facilite la navigation. Que vous soyez une petite entreprise en plein essor ou une grande firme bien \u00e9tablie, notre \u00e9quipe d\u00e9di\u00e9e s&rsquo;engage \u00e0 personnaliser chaque aspect de votre site selon vos besoins sp\u00e9cifiques. De la premi\u00e8re esquisse \u00e0 la mise en ligne finale, nous priorisons la communication et la collaboration pour garantir que le produit final d\u00e9passe vos attentes. En int\u00e9grant les derni\u00e8res techniques de r\u00e9f\u00e9rencement et d&rsquo;optimisation, nous veillons \u00e0 ce que votre site ne soit pas seulement beau mais aussi efficace sur le plan commercial. Explorez le potentiel de votre entreprise avec une conception de site web qui capte l&rsquo;attention et convertit les visiteurs en clients fid\u00e8les.<\/p>\n<p>[\/et_pb_text][\/et_pb_column][et_pb_column _builder_version=\u00a0\u00bb4.27.4&Prime; _module_preset=\u00a0\u00bbdefault\u00a0\u00bb type=\u00a0\u00bb2_5&Prime;][et_pb_image src=\u00a0\u00bbhttps:\/\/mexxusmedia.com\/wp-content\/uploads\/2025\/02\/logo-divi.png\u00a0\u00bb _builder_version=\u00a0\u00bb4.27.4&Prime; _module_preset=\u00a0\u00bbdefault\u00a0\u00bb hover_enabled=\u00a0\u00bb0&Prime; sticky_enabled=\u00a0\u00bb0&Prime; alt=\u00a0\u00bbConceptions de site web WordPress Theme Divi\u00a0\u00bb][\/et_pb_image][\/et_pb_column][\/et_pb_row][\/et_pb_section]<\/p>\n","protected":false},"excerpt":{"rendered":"<p>Conceptions de site web:Chez Mexxus Media Agency, nous comprenons que la cr\u00e9ation d\u2019un site web est bien plus qu\u2019un simple assemblage de pages. Avec le th\u00e8me Divi, chaque projet est une occasion de r\u00e9aliser une vision unique qui refl\u00e8te l&rsquo;identit\u00e9 de votre marque tout en maximisant l\u2019engagement des utilisateurs. Nos conceptions de sites web sont [&hellip;]<\/p>\n","protected":false},"author":1,"featured_media":0,"parent":0,"menu_order":0,"comment_status":"closed","ping_status":"closed","template":"","meta":{"_et_pb_use_builder":"on","_et_pb_old_content":"","_et_gb_content_width":"","footnotes":""},"class_list":["post-51649","page","type-page","status-publish","hentry"],"_links":{"self":[{"href":"https:\/\/mexxusmedia.com\/fr\/wp-json\/wp\/v2\/pages\/51649","targetHints":{"allow":["GET"]}}],"collection":[{"href":"https:\/\/mexxusmedia.com\/fr\/wp-json\/wp\/v2\/pages"}],"about":[{"href":"https:\/\/mexxusmedia.com\/fr\/wp-json\/wp\/v2\/types\/page"}],"author":[{"embeddable":true,"href":"https:\/\/mexxusmedia.com\/fr\/wp-json\/wp\/v2\/users\/1"}],"replies":[{"embeddable":true,"href":"https:\/\/mexxusmedia.com\/fr\/wp-json\/wp\/v2\/comments?post=51649"}],"version-history":[{"count":7,"href":"https:\/\/mexxusmedia.com\/fr\/wp-json\/wp\/v2\/pages\/51649\/revisions"}],"predecessor-version":[{"id":72667,"href":"https:\/\/mexxusmedia.com\/fr\/wp-json\/wp\/v2\/pages\/51649\/revisions\/72667"}],"wp:attachment":[{"href":"https:\/\/mexxusmedia.com\/fr\/wp-json\/wp\/v2\/media?parent=51649"}],"curies":[{"name":"wp","href":"https:\/\/api.w.org\/{rel}","templated":true}]}}