{"id":51646,"date":"2020-10-22T13:34:01","date_gmt":"2020-10-22T13:34:01","guid":{"rendered":"https:\/\/mexxusmedia.com\/conceptions-de-commerce-electronique\/"},"modified":"2025-02-17T20:32:17","modified_gmt":"2025-02-17T20:32:17","slug":"conceptions-de-commerce-electronique","status":"publish","type":"page","link":"https:\/\/mexxusmedia.com\/fr\/conceptions-de-commerce-electronique\/","title":{"rendered":"Conceptions de commerce electronique"},"content":{"rendered":"<p>[et_pb_section fb_built=\u00a0\u00bb1&Prime; _builder_version=\u00a0\u00bb4.16&Prime; _module_preset=\u00a0\u00bbdefault\u00a0\u00bb custom_padding=\u00a0\u00bb10px||10px||false|false\u00a0\u00bb global_colors_info=\u00a0\u00bb{}\u00a0\u00bb][et_pb_row _builder_version=\u00a0\u00bb4.16&Prime; _module_preset=\u00a0\u00bbdefault\u00a0\u00bb global_colors_info=\u00a0\u00bb{}\u00a0\u00bb][et_pb_column type=\u00a0\u00bb4_4&Prime; _builder_version=\u00a0\u00bb4.16&Prime; _module_preset=\u00a0\u00bbdefault\u00a0\u00bb global_colors_info=\u00a0\u00bb{}\u00a0\u00bb][et_pb_text _builder_version=\u00a0\u00bb4.27.4&Prime; _module_preset=\u00a0\u00bbdefault\u00a0\u00bb global_colors_info=\u00a0\u00bb{}\u00a0\u00bb]<\/p>\n<h1>Conceptions de commerce \u00e9lectronique:<\/h1>\n<p>[\/et_pb_text][\/et_pb_column][\/et_pb_row][\/et_pb_section][et_pb_section fb_built=\u00a0\u00bb1&Prime; _builder_version=\u00a0\u00bb4.16&Prime; custom_margin=\u00a0\u00bb||50px||false|false\u00a0\u00bb custom_padding=\u00a0\u00bb0px||0px||true|false\u00a0\u00bb global_colors_info=\u00a0\u00bb{}\u00a0\u00bb][et_pb_row padding_top_bottom_link_1=\u00a0\u00bbtrue\u00a0\u00bb _builder_version=\u00a0\u00bb4.16&Prime; width=\u00a0\u00bb98%\u00a0\u00bb width_tablet=\u00a0\u00bb90%\u00a0\u00bb width_phone=\u00a0\u00bb90%\u00a0\u00bb width_last_edited=\u00a0\u00bbon|phone\u00a0\u00bb max_width=\u00a0\u00bb1100px\u00a0\u00bb max_width_tablet=\u00a0\u00bb90%\u00a0\u00bb max_width_phone=\u00a0\u00bb90%\u00a0\u00bb max_width_last_edited=\u00a0\u00bbon|tablet\u00a0\u00bb custom_padding=\u00a0\u00bb0px||0px||true\u00a0\u00bb global_colors_info=\u00a0\u00bb{}\u00a0\u00bb][et_pb_column type=\u00a0\u00bb4_4&Prime; _builder_version=\u00a0\u00bb4.16&Prime; custom_padding=\u00a0\u00bb0px||0px|\u00a0\u00bb global_colors_info=\u00a0\u00bb{}\u00a0\u00bb custom_padding__hover=\u00a0\u00bb|||\u00a0\u00bb][et_pb_code _builder_version=\u00a0\u00bb4.27.4&Prime; hover_enabled=\u00a0\u00bb0&Prime; global_colors_info=\u00a0\u00bb{}\u00a0\u00bb sticky_enabled=\u00a0\u00bb0&Prime;]<iframe src=\"https:\/\/www.frame.express\/e-commerce-layouts\/\" frameborder=\"0\" scrolling=\"yes\" seamless=\"seamless\" style=\"display:block; width:100%; height:1600px;\"><\/iframe>[\/et_pb_code][et_pb_button button_url=\u00a0\u00bbhttps:\/\/mexxusmedia.com\/fr\/conceptions-de-site-web\/\u00a0\u00bb button_text=\u00a0\u00bbVOIR LES EXEMPLES DE CONCEPTION DE SITE WEB\u00a0\u00bb button_alignment=\u00a0\u00bbcenter\u00a0\u00bb _builder_version=\u00a0\u00bb4.16&Prime; _module_preset=\u00a0\u00bbdefault\u00a0\u00bb global_colors_info=\u00a0\u00bb{}\u00a0\u00bb][\/et_pb_button][et_pb_text _builder_version=\u00a0\u00bb4.27.4&Prime; _module_preset=\u00a0\u00bbdefault\u00a0\u00bb text_font=\u00a0\u00bbRoboto|300|||||||\u00a0\u00bb text_text_color=\u00a0\u00bb#000000&Prime; text_font_size=\u00a0\u00bb15px\u00a0\u00bb text_line_height=\u00a0\u00bb1.8em\u00a0\u00bb text_orientation=\u00a0\u00bbcenter\u00a0\u00bb custom_margin=\u00a0\u00bb50px||||false|false\u00a0\u00bb global_colors_info=\u00a0\u00bb{}\u00a0\u00bb]<\/p>\n<p>Avec l&rsquo;\u00e9volution rapide du monde num\u00e9rique, la cr\u00e9ation d&rsquo;une boutique en ligne performante est plus qu&rsquo;une n\u00e9cessit\u00e9, c&rsquo;est un art. Chez Mexxus Media Agency, nous sommes sp\u00e9cialis\u00e9s dans les conceptions de commerce \u00e9lectronique utilisant le th\u00e8me Divi de WordPress, un outil puissant qui permet de transformer vos id\u00e9es en une exp\u00e9rience d&rsquo;achat engageante et fluide pour vos clients. Notre \u00e9quipe se consacre \u00e0 aller au-del\u00e0 des simples transactions en ligne. Nous concevons des sites qui racontent l&rsquo;histoire de votre marque, captivent vos visiteurs et facilitent leur parcours d&rsquo;achat. Gr\u00e2ce \u00e0 des fonctionnalit\u00e9s personnalis\u00e9es, des designs adapt\u00e9s aux appareils mobiles et une interface utilisateur optimis\u00e9e, nous nous assurons que chaque \u00e9l\u00e9ment de votre site refl\u00e8te parfaitement l&rsquo;essence de votre entreprise. Que vous soyez une petite start-up ou une grande entreprise \u00e9tablie, notre approche sur mesure r\u00e9pond \u00e0 vos besoins uniques, garantissant que votre pr\u00e9sence en ligne ne soit pas seulement visible, mais aussi remarqu\u00e9e. Faites le premier pas vers la r\u00e9ussite de votre commerce \u00e9lectronique en collaborant avec nous pour donner vie \u00e0 votre vision.<\/p>\n<p>[\/et_pb_text][\/et_pb_column][\/et_pb_row][et_pb_row column_structure=\u00a0\u00bb1_3,1_3,1_3&Prime; _builder_version=\u00a0\u00bb4.27.4&Prime; _module_preset=\u00a0\u00bbdefault\u00a0\u00bb global_colors_info=\u00a0\u00bb{}\u00a0\u00bb][et_pb_column type=\u00a0\u00bb1_3&Prime; _builder_version=\u00a0\u00bb4.27.4&Prime; _module_preset=\u00a0\u00bbdefault\u00a0\u00bb global_colors_info=\u00a0\u00bb{}\u00a0\u00bb][et_pb_image src=\u00a0\u00bbhttps:\/\/mexxusmedia.com\/wp-content\/uploads\/2025\/02\/logo-divi.png\u00a0\u00bb alt=\u00a0\u00bbconceptions de commerce \u00e9lectronique th\u00e8me Divi\u00a0\u00bb align=\u00a0\u00bbcenter\u00a0\u00bb _builder_version=\u00a0\u00bb4.27.4&Prime; _module_preset=\u00a0\u00bbdefault\u00a0\u00bb width=\u00a0\u00bb70%\u00a0\u00bb global_colors_info=\u00a0\u00bb{}\u00a0\u00bb][\/et_pb_image][\/et_pb_column][et_pb_column type=\u00a0\u00bb1_3&Prime; _builder_version=\u00a0\u00bb4.27.4&Prime; _module_preset=\u00a0\u00bbdefault\u00a0\u00bb global_colors_info=\u00a0\u00bb{}\u00a0\u00bb][et_pb_image src=\u00a0\u00bbhttps:\/\/mexxusmedia.com\/wp-content\/uploads\/2020\/11\/wordpress_logo-1.png\u00a0\u00bb alt=\u00a0\u00bbconceptions de commerce \u00e9lectronique\u00a0\u00bb align=\u00a0\u00bbcenter\u00a0\u00bb _builder_version=\u00a0\u00bb4.27.4&Prime; _module_preset=\u00a0\u00bbdefault\u00a0\u00bb width=\u00a0\u00bb50%\u00a0\u00bb global_colors_info=\u00a0\u00bb{}\u00a0\u00bb][\/et_pb_image][\/et_pb_column][et_pb_column type=\u00a0\u00bb1_3&Prime; _builder_version=\u00a0\u00bb4.27.4&Prime; _module_preset=\u00a0\u00bbdefault\u00a0\u00bb global_colors_info=\u00a0\u00bb{}\u00a0\u00bb][et_pb_image src=\u00a0\u00bbhttps:\/\/mexxusmedia.com\/wp-content\/uploads\/2021\/02\/woo.jpg\u00a0\u00bb alt=\u00a0\u00bbconceptions de commerce \u00e9lectronique WooCommerce\u00a0\u00bb align=\u00a0\u00bbcenter\u00a0\u00bb _builder_version=\u00a0\u00bb4.27.4&Prime; _module_preset=\u00a0\u00bbdefault\u00a0\u00bb global_colors_info=\u00a0\u00bb{}\u00a0\u00bb][\/et_pb_image][\/et_pb_column][\/et_pb_row][\/et_pb_section]<\/p>\n","protected":false},"excerpt":{"rendered":"<p>Conceptions de commerce \u00e9lectronique:Avec l&rsquo;\u00e9volution rapide du monde num\u00e9rique, la cr\u00e9ation d&rsquo;une boutique en ligne performante est plus qu&rsquo;une n\u00e9cessit\u00e9, c&rsquo;est un art. Chez Mexxus Media Agency, nous sommes sp\u00e9cialis\u00e9s dans les conceptions de commerce \u00e9lectronique utilisant le th\u00e8me Divi de WordPress, un outil puissant qui permet de transformer vos id\u00e9es en une exp\u00e9rience d&rsquo;achat [&hellip;]<\/p>\n","protected":false},"author":1,"featured_media":0,"parent":0,"menu_order":0,"comment_status":"closed","ping_status":"closed","template":"","meta":{"_et_pb_use_builder":"on","_et_pb_old_content":"","_et_gb_content_width":"","footnotes":""},"class_list":["post-51646","page","type-page","status-publish","hentry"],"_links":{"self":[{"href":"https:\/\/mexxusmedia.com\/fr\/wp-json\/wp\/v2\/pages\/51646","targetHints":{"allow":["GET"]}}],"collection":[{"href":"https:\/\/mexxusmedia.com\/fr\/wp-json\/wp\/v2\/pages"}],"about":[{"href":"https:\/\/mexxusmedia.com\/fr\/wp-json\/wp\/v2\/types\/page"}],"author":[{"embeddable":true,"href":"https:\/\/mexxusmedia.com\/fr\/wp-json\/wp\/v2\/users\/1"}],"replies":[{"embeddable":true,"href":"https:\/\/mexxusmedia.com\/fr\/wp-json\/wp\/v2\/comments?post=51646"}],"version-history":[{"count":7,"href":"https:\/\/mexxusmedia.com\/fr\/wp-json\/wp\/v2\/pages\/51646\/revisions"}],"predecessor-version":[{"id":72657,"href":"https:\/\/mexxusmedia.com\/fr\/wp-json\/wp\/v2\/pages\/51646\/revisions\/72657"}],"wp:attachment":[{"href":"https:\/\/mexxusmedia.com\/fr\/wp-json\/wp\/v2\/media?parent=51646"}],"curies":[{"name":"wp","href":"https:\/\/api.w.org\/{rel}","templated":true}]}}