{"id":51320,"date":"2020-09-28T13:01:10","date_gmt":"2020-09-28T13:01:10","guid":{"rendered":"https:\/\/mexxusmedia.com\/marketing-ppc\/"},"modified":"2025-02-18T14:09:06","modified_gmt":"2025-02-18T14:09:06","slug":"marketing-ppc","status":"publish","type":"page","link":"https:\/\/mexxusmedia.com\/fr\/marketing-ppc\/","title":{"rendered":"Marketing PPC"},"content":{"rendered":"<p>[et_pb_section fb_built=\u00a0\u00bb1&Prime; fullwidth=\u00a0\u00bbon\u00a0\u00bb _builder_version=\u00a0\u00bb4.16&Prime; _module_preset=\u00a0\u00bbdefault\u00a0\u00bb global_colors_info=\u00a0\u00bb{}\u00a0\u00bb][et_pb_fullwidth_slider use_bg_overlay=\u00a0\u00bboff\u00a0\u00bb use_text_overlay=\u00a0\u00bboff\u00a0\u00bb _builder_version=\u00a0\u00bb4.27.4&Prime; _module_preset=\u00a0\u00bbdefault\u00a0\u00bb background_color=\u00a0\u00bbrgba(0,0,0,0)\u00a0\u00bb custom_padding=\u00a0\u00bb80px||80px||false|false\u00a0\u00bb animation_style=\u00a0\u00bbfade\u00a0\u00bb auto=\u00a0\u00bbon\u00a0\u00bb hover_enabled=\u00a0\u00bb0&Prime; global_colors_info=\u00a0\u00bb{}\u00a0\u00bb sticky_enabled=\u00a0\u00bb0&Prime;][et_pb_slide heading=\u00a0\u00bbMarketing PPC en ligne\u00a0\u00bb button_text=\u00a0\u00bbContactez-nous\u00a0\u00bb button_link=\u00a0\u00bbhttps:\/\/mexxusmedia.com\/fr\/connect\/\u00a0\u00bb use_bg_overlay=\u00a0\u00bboff\u00a0\u00bb use_text_overlay=\u00a0\u00bboff\u00a0\u00bb _builder_version=\u00a0\u00bb4.27.4&Prime; _module_preset=\u00a0\u00bbdefault\u00a0\u00bb header_level=\u00a0\u00bbh1&Prime; header_font=\u00a0\u00bbMontserrat|700|||||||\u00a0\u00bb header_text_align=\u00a0\u00bbleft\u00a0\u00bb header_font_size=\u00a0\u00bb60px\u00a0\u00bb header_line_height=\u00a0\u00bb1.5em\u00a0\u00bb body_font_size=\u00a0\u00bb28px\u00a0\u00bb background_color=\u00a0\u00bbrgba(0,0,0,0.53)\u00a0\u00bb background_enable_color=\u00a0\u00bbon\u00a0\u00bb background_image=\u00a0\u00bbhttps:\/\/mexxusmedia.com\/wp-content\/uploads\/2020\/09\/ppc-marketing.jpg\u00a0\u00bb background_enable_image=\u00a0\u00bbon\u00a0\u00bb background_position=\u00a0\u00bbtop_center\u00a0\u00bb background_blend=\u00a0\u00bboverlay\u00a0\u00bb custom_button=\u00a0\u00bbon\u00a0\u00bb button_bg_color=\u00a0\u00bb#0c71c3&Prime; button_border_color=\u00a0\u00bbrgba(0,0,0,0)\u00a0\u00bb button_border_radius=\u00a0\u00bb50px\u00a0\u00bb button_alignment=\u00a0\u00bbleft\u00a0\u00bb width=\u00a0\u00bb100%\u00a0\u00bb max_width=\u00a0\u00bb100%\u00a0\u00bb hover_enabled=\u00a0\u00bb0&Prime; global_colors_info=\u00a0\u00bb{}\u00a0\u00bb sticky_transition=\u00a0\u00bbon\u00a0\u00bb sticky_enabled=\u00a0\u00bb0&Prime; header_font_size_last_edited=\u00a0\u00bbon|phone\u00a0\u00bb header_font_size_phone=\u00a0\u00bb40px\u00a0\u00bb header_line_height_last_edited=\u00a0\u00bbon|phone\u00a0\u00bb header_line_height_phone=\u00a0\u00bb1.1em\u00a0\u00bb header_font_size_tablet=\u00a0\u00bb60px\u00a0\u00bb header_line_height_tablet=\u00a0\u00bb1.5em\u00a0\u00bb]<\/p>\n<h2 style=\"text-align: left;\">Le PPC paiement par clic fait d\u00e9sormais partie int\u00e9grante de la strat\u00e9gie de marketing sur les moteurs de recherche<\/h2>\n<p>[\/et_pb_slide][\/et_pb_fullwidth_slider][\/et_pb_section][et_pb_section fb_built=\u00a0\u00bb1&Prime; _builder_version=\u00a0\u00bb4.16&Prime; custom_padding=\u00a0\u00bb||||true|false\u00a0\u00bb global_colors_info=\u00a0\u00bb{}\u00a0\u00bb][et_pb_row column_structure=\u00a0\u00bb1_2,1_2&Prime; use_custom_gutter=\u00a0\u00bbon\u00a0\u00bb gutter_width=\u00a0\u00bb2&Prime; make_equal=\u00a0\u00bbon\u00a0\u00bb _builder_version=\u00a0\u00bb4.27.4&Prime; width_tablet=\u00a0\u00bb90%\u00a0\u00bb width_phone=\u00a0\u00bb90%\u00a0\u00bb width_last_edited=\u00a0\u00bboff|tablet\u00a0\u00bb max_width_tablet=\u00a0\u00bb90%\u00a0\u00bb max_width_phone=\u00a0\u00bb90%\u00a0\u00bb max_width_last_edited=\u00a0\u00bboff|phone\u00a0\u00bb custom_margin=\u00a0\u00bb||36px\u00a0\u00bb hover_enabled=\u00a0\u00bb0&Prime; global_colors_info=\u00a0\u00bb{}\u00a0\u00bb sticky_enabled=\u00a0\u00bb0&Prime;][et_pb_column type=\u00a0\u00bb1_2&Prime; _builder_version=\u00a0\u00bb4.16&Prime; global_colors_info=\u00a0\u00bb{}\u00a0\u00bb][et_pb_text _builder_version=\u00a0\u00bb4.16&Prime; header_2_font=\u00a0\u00bbPoppins|300|||||||\u00a0\u00bb header_2_text_color=\u00a0\u00bb#000000&Prime; header_2_font_size=\u00a0\u00bb40px\u00a0\u00bb header_2_line_height=\u00a0\u00bb1.4em\u00a0\u00bb custom_margin_tablet=\u00a0\u00bb-16px||7px\u00a0\u00bb custom_margin_phone=\u00a0\u00bb-13px||6px\u00a0\u00bb custom_margin_last_edited=\u00a0\u00bbon|desktop\u00a0\u00bb header_2_font_size_tablet=\u00a0\u00bb\u00a0\u00bb header_2_font_size_phone=\u00a0\u00bb25px\u00a0\u00bb header_2_font_size_last_edited=\u00a0\u00bbon|desktop\u00a0\u00bb global_colors_info=\u00a0\u00bb{}\u00a0\u00bb]<\/p>\n<h2>Nos experts vous aident \u00e0 g\u00e9rer vos campagnes publicitaires sur <strong>Google<\/strong><\/h2>\n<p>[\/et_pb_text][et_pb_text _builder_version=\u00a0\u00bb4.27.4&Prime; text_font=\u00a0\u00bbPoppins||||||||\u00a0\u00bb text_text_color=\u00a0\u00bb#000000&Prime; text_font_size=\u00a0\u00bb18px\u00a0\u00bb text_line_height=\u00a0\u00bb1.8em\u00a0\u00bb max_width=\u00a0\u00bb477px\u00a0\u00bb max_width_tablet=\u00a0\u00bb100%\u00a0\u00bb max_width_phone=\u00a0\u00bb\u00a0\u00bb max_width_last_edited=\u00a0\u00bbon|desktop\u00a0\u00bb hover_enabled=\u00a0\u00bb0&Prime; global_colors_info=\u00a0\u00bb{}\u00a0\u00bb sticky_enabled=\u00a0\u00bb0&Prime;]<\/p>\n<p>Le marketing PPC paiement par clic fait d\u00e9sormais partie int\u00e9grante de la strat\u00e9gie de marketing sur les moteurs de recherche. Il s\u2019agit d\u2019une campagne de publicit\u00e9 en ligne qui est le plus souvent utilis\u00e9e pour canaliser le trafic vers votre site web \u00e0 travers des annonces pr\u00e9cises qui apparaissent avec les r\u00e9sultats des moteurs de recherche organiques. Celles-ci sont cr\u00e9\u00e9es \u00e0 l\u2019aide de mots cl\u00e9s cibl\u00e9s. Par cons\u00e9quent, vous ne payez que lorsque votre annonce est cliqu\u00e9e par un utilisateur.<br \/>Les grandes et petites entreprises ont besoin d\u2019une strat\u00e9gie de gestion marketing PPC qui est g\u00e9r\u00e9e par des professionnels proactifs SEM qui surveillent r\u00e9guli\u00e8rement les campagnes publicitaires afin d\u2019optimiser les r\u00e9sultats de recherche et d\u2019offrir des analyses et des rapports d\u00e9taill\u00e9s, lucides et perspicaces. Chez Mexxus, nous faisons tout cela voire plus.<\/p>\n<p>[\/et_pb_text][et_pb_button button_url=\u00a0\u00bbhttps:\/\/mexxusmedia.com\/fr\/connect\/\u00a0\u00bb button_text=\u00a0\u00bbCONTACTEZ-NOUS AUJOURD&rsquo;HUI\u00a0\u00bb button_alignment=\u00a0\u00bbleft\u00a0\u00bb _builder_version=\u00a0\u00bb4.16&Prime; custom_button=\u00a0\u00bbon\u00a0\u00bb button_text_size=\u00a0\u00bb14px\u00a0\u00bb button_text_color=\u00a0\u00bb#000000&Prime; button_bg_color=\u00a0\u00bbrgba(56,56,56,0)\u00a0\u00bb button_border_width=\u00a0\u00bb1px\u00a0\u00bb button_border_color=\u00a0\u00bb#383838&Prime; button_border_radius=\u00a0\u00bb0px\u00a0\u00bb button_letter_spacing=\u00a0\u00bb1px\u00a0\u00bb button_font=\u00a0\u00bbPoppins|||on|||||\u00a0\u00bb button_use_icon=\u00a0\u00bboff\u00a0\u00bb custom_margin=\u00a0\u00bb37px||\u00a0\u00bb custom_padding=\u00a0\u00bb17px|30px|17px|30px|true|true\u00a0\u00bb global_colors_info=\u00a0\u00bb{}\u00a0\u00bb button_bg_color__hover_enabled=\u00a0\u00bbon\u00a0\u00bb button_bg_color__hover=\u00a0\u00bb#bfbfbf\u00a0\u00bb button_letter_spacing__hover_enabled=\u00a0\u00bbon\u00a0\u00bb button_letter_spacing__hover=\u00a0\u00bb2px\u00a0\u00bb button_border_color__hover_enabled=\u00a0\u00bbon\u00a0\u00bb button_border_color__hover=\u00a0\u00bb#bfbfbf\u00a0\u00bb button_text_color__hover_enabled=\u00a0\u00bbon\u00a0\u00bb button_text_color__hover=\u00a0\u00bb#000000&Prime;][\/et_pb_button][\/et_pb_column][et_pb_column type=\u00a0\u00bb1_2&Prime; _builder_version=\u00a0\u00bb4.16&Prime; global_colors_info=\u00a0\u00bb{}\u00a0\u00bb][et_pb_image src=\u00a0\u00bbhttps:\/\/mexxusmedia.com\/wp-content\/uploads\/2020\/09\/busy-cafe.jpg\u00a0\u00bb title_text=\u00a0\u00bbbusy-cafe\u00a0\u00bb _builder_version=\u00a0\u00bb4.16&Prime; global_colors_info=\u00a0\u00bb{}\u00a0\u00bb][\/et_pb_image][et_pb_image src=\u00a0\u00bbhttps:\/\/mexxusmedia.com\/wp-content\/uploads\/2020\/09\/wow.jpg\u00a0\u00bb _builder_version=\u00a0\u00bb4.27.4&Prime; max_width=\u00a0\u00bb400px\u00a0\u00bb max_width_tablet=\u00a0\u00bb70%\u00a0\u00bb max_width_phone=\u00a0\u00bb60%\u00a0\u00bb max_width_last_edited=\u00a0\u00bbon|desktop\u00a0\u00bb custom_margin=\u00a0\u00bb-303px|||-50px\u00a0\u00bb custom_margin_tablet=\u00a0\u00bb|||0px\u00a0\u00bb custom_margin_phone=\u00a0\u00bb-100px|||0px|false|false\u00a0\u00bb custom_margin_last_edited=\u00a0\u00bbon|phone\u00a0\u00bb hover_enabled=\u00a0\u00bb0&Prime; border_width_top=\u00a0\u00bb14px\u00a0\u00bb border_color_top=\u00a0\u00bb#ffffff\u00a0\u00bb border_width_right=\u00a0\u00bb14px\u00a0\u00bb border_color_right=\u00a0\u00bb#ffffff\u00a0\u00bb global_colors_info=\u00a0\u00bb{}\u00a0\u00bb alt=\u00a0\u00bbmarketing ppc\u00a0\u00bb sticky_enabled=\u00a0\u00bb0&Prime;][\/et_pb_image][\/et_pb_column][\/et_pb_row][\/et_pb_section][et_pb_section fb_built=\u00a0\u00bb1&Prime; _builder_version=\u00a0\u00bb4.16&Prime; custom_padding=\u00a0\u00bb0px||0px||true|false\u00a0\u00bb global_colors_info=\u00a0\u00bb{}\u00a0\u00bb][et_pb_row column_structure=\u00a0\u00bb2_3,1_3&Prime; _builder_version=\u00a0\u00bb4.27.4&Prime; hover_enabled=\u00a0\u00bb0&Prime; global_colors_info=\u00a0\u00bb{}\u00a0\u00bb sticky_enabled=\u00a0\u00bb0&Prime;][et_pb_column type=\u00a0\u00bb2_3&Prime; _builder_version=\u00a0\u00bb4.16&Prime; custom_padding=\u00a0\u00bb|||\u00a0\u00bb global_colors_info=\u00a0\u00bb{}\u00a0\u00bb custom_padding__hover=\u00a0\u00bb|||\u00a0\u00bb][et_pb_text _builder_version=\u00a0\u00bb4.27.4&Prime; text_font=\u00a0\u00bbRoboto|300|||||||\u00a0\u00bb text_text_color=\u00a0\u00bb#000000&Prime; text_font_size=\u00a0\u00bb15px\u00a0\u00bb text_line_height=\u00a0\u00bb1.8em\u00a0\u00bb header_font=\u00a0\u00bbPoppins|700|||||||\u00a0\u00bb header_text_color=\u00a0\u00bb#000000&Prime; header_2_font=\u00a0\u00bbPoppins|700|||||||\u00a0\u00bb header_2_font_size=\u00a0\u00bb30px\u00a0\u00bb hover_enabled=\u00a0\u00bb0&Prime; global_colors_info=\u00a0\u00bb{}\u00a0\u00bb sticky_enabled=\u00a0\u00bb0&Prime;]<\/p>\n<h2 style=\"text-align: left;\">Comment pouvons-nous aider?<\/h2>\n<p style=\"text-align: justify;\">Vous \u00eates d\u00e9\u00e7u des retours que vous avez obtenus de votre pr\u00e9c\u00e9dente campagne PPC ? Eh bien, vous n\u2019\u00eates pas le seul. En effet, au moment o\u00f9 plusieurs personnes utilisent le marketing PPC pour g\u00e9n\u00e9rer du trafic sur leur site web, beaucoup d\u2019entre eux n\u2019y parviennent pas par manque de compr\u00e9hension des d\u00e9tails minutieux de la gestion PPC pour augmenter leur retour sur investissement:<\/p>\n<p style=\"text-align: justify;\">\n<ul>\n<li>Nous vous aidons \u00e0 \u00e9tablir des objectifs \u00e0 court et long terme pour votre strat\u00e9gie PPC<\/li>\n<li>Nous cr\u00e9ons et g\u00e9rons votre compte PPC<\/li>\n<li>Vous trouverez facilement le moyen d\u2019\u00e9tendre votre strat\u00e9gie de marketing PPC \u00e0 d\u2019autres plateformes<\/li>\n<li>Nous vous aidons \u00e0 apporter des changements positifs dans votre strat\u00e9gie PPC afin d\u2019obtenir des r\u00e9sultats optimaux sur le long terme<\/li>\n<li>Nous vous aidons \u00e0 optimiser votre campagne afin que les r\u00e9sultats puissent compl\u00e9ter la recherche organique. Ainsi, vous pourrez parfaitement fusionner votre marketing PPC avec votre strat\u00e9gie SEO actuelle.<\/li>\n<\/ul>\n<p>[\/et_pb_text][et_pb_text _builder_version=\u00a0\u00bb4.27.4&Prime; _module_preset=\u00a0\u00bbdefault\u00a0\u00bb text_font=\u00a0\u00bbRoboto|300|||||||\u00a0\u00bb text_text_color=\u00a0\u00bb#000000&Prime; text_font_size=\u00a0\u00bb15px\u00a0\u00bb text_line_height=\u00a0\u00bb1.8em\u00a0\u00bb hover_enabled=\u00a0\u00bb0&Prime; sticky_enabled=\u00a0\u00bb0&Prime;]Le marketing paiement par clic est une m\u00e9thode incroyablement efficace pour propulser votre entreprise sur le devant de la sc\u00e8ne num\u00e9rique, car il vous permet non seulement d&rsquo;attirer un trafic cibl\u00e9, mais aussi d&rsquo;ajuster vos annonces en temps r\u00e9el en fonction des performances observ\u00e9es. Avec sa capacit\u00e9 \u00e0 segmenter les audiences et \u00e0 maximiser l&rsquo;impact de chaque dollar d\u00e9pens\u00e9, vous pouvez affiner vos messages pour qu&rsquo;ils r\u00e9sonnent parfaitement avec les besoins de vos clients potentiels. De plus, cette approche vous donne l&rsquo;opportunit\u00e9 d&rsquo;exp\u00e9rimenter avec divers formats d&rsquo;annonces et de mots cl\u00e9s, vous permettant ainsi de d\u00e9couvrir ce qui fonctionne le mieux pour votre march\u00e9. En int\u00e9grant le PPC dans votre strat\u00e9gie marketing globale, vous ne vous contentez pas d&rsquo;augmenter votre visibilit\u00e9, mais vous cr\u00e9ez \u00e9galement un lien direct avec vos utilisateurs, transformant chaque clic en une opportunit\u00e9 pr\u00e9cieuse pour engager et convertir.[\/et_pb_text][\/et_pb_column][et_pb_column type=\u00a0\u00bb1_3&Prime; _builder_version=\u00a0\u00bb4.16&Prime; custom_padding=\u00a0\u00bb|||\u00a0\u00bb global_colors_info=\u00a0\u00bb{}\u00a0\u00bb custom_padding__hover=\u00a0\u00bb|||\u00a0\u00bb][et_pb_image src=\u00a0\u00bbhttps:\/\/mexxusmedia.com\/wp-content\/uploads\/2025\/02\/google-icon.png\u00a0\u00bb _builder_version=\u00a0\u00bb4.27.4&Prime; _module_preset=\u00a0\u00bbdefault\u00a0\u00bb hover_enabled=\u00a0\u00bb0&Prime; sticky_enabled=\u00a0\u00bb0&Prime; alt=\u00a0\u00bbmarketing ppc google\u00a0\u00bb width=\u00a0\u00bb40%\u00a0\u00bb width_last_edited=\u00a0\u00bbon|phone\u00a0\u00bb width_phone=\u00a0\u00bb45%\u00a0\u00bb width_tablet=\u00a0\u00bb40%\u00a0\u00bb][\/et_pb_image][et_pb_text _builder_version=\u00a0\u00bb4.27.4&Prime; text_font=\u00a0\u00bbRoboto|300|||||||\u00a0\u00bb text_text_color=\u00a0\u00bb#000000&Prime; text_font_size=\u00a0\u00bb15px\u00a0\u00bb text_line_height=\u00a0\u00bb1.8em\u00a0\u00bb header_font=\u00a0\u00bbPoppins|700|||||||\u00a0\u00bb header_text_color=\u00a0\u00bb#000000&Prime; header_2_font=\u00a0\u00bbPoppins|700|||||||\u00a0\u00bb header_2_font_size=\u00a0\u00bb30px\u00a0\u00bb hover_enabled=\u00a0\u00bb0&Prime; global_colors_info=\u00a0\u00bb{}\u00a0\u00bb sticky_enabled=\u00a0\u00bb0&Prime;]<\/p>\n<h2 style=\"text-align: left;\">Les avantages du marketing PPC<\/h2>\n<ul>\n<li>Acc\u00e8s instantan\u00e9 \u00e0 votre site web<\/li>\n<li>Vous ne payez que lorsqu\u2019un utilisateur int\u00e9ress\u00e9 clique sur le r\u00e9sultat de la <a href=\"https:\/\/www.google.ca\" target=\"_blank\" rel=\"noopener\">recherche Google<\/a><\/li>\n<li>Vous avez le contr\u00f4le sur votre budget en d\u00e9cidant des couts<\/li>\n<li>Contrairement \u00e0 la recherche organique, <strong>le marketing PPC<\/strong> affiche souvent des r\u00e9sultats tr\u00e8s rapidement<\/li>\n<li>Vous pouvez atteindre vos clients cibles au bon moment avec la bonne annonce<\/li>\n<\/ul>\n<p>[\/et_pb_text][et_pb_button button_url=\u00a0\u00bbhttps:\/\/mexxusmedia.com\/fr\/connect\/\u00a0\u00bb button_text=\u00a0\u00bbCONTACTEZ-NOUS AUJOURD&rsquo;HUI\u00a0\u00bb button_alignment=\u00a0\u00bbleft\u00a0\u00bb _builder_version=\u00a0\u00bb4.16&Prime; custom_button=\u00a0\u00bbon\u00a0\u00bb button_text_size=\u00a0\u00bb14px\u00a0\u00bb button_text_color=\u00a0\u00bb#000000&Prime; button_bg_color=\u00a0\u00bbrgba(56,56,56,0)\u00a0\u00bb button_border_width=\u00a0\u00bb1px\u00a0\u00bb button_border_color=\u00a0\u00bb#383838&Prime; button_border_radius=\u00a0\u00bb0px\u00a0\u00bb button_letter_spacing=\u00a0\u00bb1px\u00a0\u00bb button_font=\u00a0\u00bbPoppins|||on|||||\u00a0\u00bb button_use_icon=\u00a0\u00bboff\u00a0\u00bb custom_margin=\u00a0\u00bb37px||\u00a0\u00bb custom_padding=\u00a0\u00bb17px|30px|17px|30px|true|true\u00a0\u00bb global_colors_info=\u00a0\u00bb{}\u00a0\u00bb button_bg_color__hover_enabled=\u00a0\u00bbon\u00a0\u00bb button_bg_color__hover=\u00a0\u00bb#bfbfbf\u00a0\u00bb button_letter_spacing__hover_enabled=\u00a0\u00bbon\u00a0\u00bb button_letter_spacing__hover=\u00a0\u00bb2px\u00a0\u00bb button_border_color__hover_enabled=\u00a0\u00bbon\u00a0\u00bb button_border_color__hover=\u00a0\u00bb#bfbfbf\u00a0\u00bb button_text_color__hover_enabled=\u00a0\u00bbon\u00a0\u00bb button_text_color__hover=\u00a0\u00bb#000000&Prime;][\/et_pb_button][\/et_pb_column][\/et_pb_row][\/et_pb_section]<\/p>\n","protected":false},"excerpt":{"rendered":"<p>Le PPC paiement par clic fait d\u00e9sormais partie int\u00e9grante de la strat\u00e9gie de marketing sur les moteurs de rechercheNos experts vous aident \u00e0 g\u00e9rer vos campagnes publicitaires sur GoogleLe marketing PPC paiement par clic fait d\u00e9sormais partie int\u00e9grante de la strat\u00e9gie de marketing sur les moteurs de recherche. Il s\u2019agit d\u2019une campagne de publicit\u00e9 en [&hellip;]<\/p>\n","protected":false},"author":1,"featured_media":0,"parent":0,"menu_order":0,"comment_status":"closed","ping_status":"closed","template":"","meta":{"_et_pb_use_builder":"on","_et_pb_old_content":"","_et_gb_content_width":"","footnotes":""},"class_list":["post-51320","page","type-page","status-publish","hentry"],"_links":{"self":[{"href":"https:\/\/mexxusmedia.com\/fr\/wp-json\/wp\/v2\/pages\/51320","targetHints":{"allow":["GET"]}}],"collection":[{"href":"https:\/\/mexxusmedia.com\/fr\/wp-json\/wp\/v2\/pages"}],"about":[{"href":"https:\/\/mexxusmedia.com\/fr\/wp-json\/wp\/v2\/types\/page"}],"author":[{"embeddable":true,"href":"https:\/\/mexxusmedia.com\/fr\/wp-json\/wp\/v2\/users\/1"}],"replies":[{"embeddable":true,"href":"https:\/\/mexxusmedia.com\/fr\/wp-json\/wp\/v2\/comments?post=51320"}],"version-history":[{"count":5,"href":"https:\/\/mexxusmedia.com\/fr\/wp-json\/wp\/v2\/pages\/51320\/revisions"}],"predecessor-version":[{"id":72716,"href":"https:\/\/mexxusmedia.com\/fr\/wp-json\/wp\/v2\/pages\/51320\/revisions\/72716"}],"wp:attachment":[{"href":"https:\/\/mexxusmedia.com\/fr\/wp-json\/wp\/v2\/media?parent=51320"}],"curies":[{"name":"wp","href":"https:\/\/api.w.org\/{rel}","templated":true}]}}