{"id":51011,"date":"2020-09-23T13:32:44","date_gmt":"2020-09-23T13:32:44","guid":{"rendered":"https:\/\/mexxusmedia.com\/soutien-merci\/"},"modified":"2023-12-22T16:02:58","modified_gmt":"2023-12-22T16:02:58","slug":"soutien-merci","status":"publish","type":"page","link":"https:\/\/mexxusmedia.com\/fr\/soutien-merci\/","title":{"rendered":"Soutien Merci"},"content":{"rendered":"<p>[et_pb_section fb_built=\u00a0\u00bb1&Prime; _builder_version=\u00a0\u00bb4.16&Prime; custom_padding=\u00a0\u00bb0px||0px||false|false\u00a0\u00bb global_colors_info=\u00a0\u00bb{}\u00a0\u00bb][et_pb_row use_custom_gutter=\u00a0\u00bbon\u00a0\u00bb gutter_width=\u00a0\u00bb2&Prime; make_equal=\u00a0\u00bbon\u00a0\u00bb _builder_version=\u00a0\u00bb4.16&Prime; width=\u00a0\u00bb90%\u00a0\u00bb width_tablet=\u00a0\u00bb90%\u00a0\u00bb width_phone=\u00a0\u00bb90%\u00a0\u00bb width_last_edited=\u00a0\u00bbon|desktop\u00a0\u00bb max_width=\u00a0\u00bb1170px\u00a0\u00bb max_width_tablet=\u00a0\u00bb90%\u00a0\u00bb max_width_phone=\u00a0\u00bb90%\u00a0\u00bb max_width_last_edited=\u00a0\u00bbon|phone\u00a0\u00bb custom_padding=\u00a0\u00bb||0px|||\u00a0\u00bb global_colors_info=\u00a0\u00bb{}\u00a0\u00bb][et_pb_column type=\u00a0\u00bb4_4&Prime; _builder_version=\u00a0\u00bb4.16&Prime; global_colors_info=\u00a0\u00bb{}\u00a0\u00bb][et_pb_image src=\u00a0\u00bbhttps:\/\/mexxusmedia.com\/wp-content\/uploads\/2023\/05\/merci-1.jpg\u00a0\u00bb title_text=\u00a0\u00bbmerci\u00a0\u00bb _builder_version=\u00a0\u00bb4.21.0&Prime; max_width=\u00a0\u00bb56%\u00a0\u00bb module_alignment=\u00a0\u00bbleft\u00a0\u00bb animation_style=\u00a0\u00bbslide\u00a0\u00bb animation_direction=\u00a0\u00bbright\u00a0\u00bb global_colors_info=\u00a0\u00bb{}\u00a0\u00bb][\/et_pb_image][\/et_pb_column][\/et_pb_row][\/et_pb_section][et_pb_section fb_built=\u00a0\u00bb1&Prime; _builder_version=\u00a0\u00bb4.16&Prime; background_color=\u00a0\u00bb#0c71c3&Prime; custom_padding=\u00a0\u00bb2%||2%||true|false\u00a0\u00bb global_colors_info=\u00a0\u00bb{}\u00a0\u00bb][et_pb_row use_custom_gutter=\u00a0\u00bbon\u00a0\u00bb gutter_width=\u00a0\u00bb2&Prime; make_equal=\u00a0\u00bbon\u00a0\u00bb _builder_version=\u00a0\u00bb4.16&Prime; width=\u00a0\u00bb90%\u00a0\u00bb width_tablet=\u00a0\u00bb90%\u00a0\u00bb width_phone=\u00a0\u00bb90%\u00a0\u00bb width_last_edited=\u00a0\u00bbon|desktop\u00a0\u00bb max_width=\u00a0\u00bb1170px\u00a0\u00bb max_width_tablet=\u00a0\u00bb90%\u00a0\u00bb max_width_phone=\u00a0\u00bb90%\u00a0\u00bb max_width_last_edited=\u00a0\u00bbon|phone\u00a0\u00bb global_colors_info=\u00a0\u00bb{}\u00a0\u00bb][et_pb_column type=\u00a0\u00bb4_4&Prime; _builder_version=\u00a0\u00bb4.16&Prime; global_colors_info=\u00a0\u00bb{}\u00a0\u00bb][et_pb_text _builder_version=\u00a0\u00bb4.23.2&Prime; header_font=\u00a0\u00bbPoppins|300|||||||\u00a0\u00bb header_text_color=\u00a0\u00bb#ffffff\u00a0\u00bb header_font_size=\u00a0\u00bb24px\u00a0\u00bb header_line_height=\u00a0\u00bb1.3em\u00a0\u00bb animation_style=\u00a0\u00bbslide\u00a0\u00bb animation_direction=\u00a0\u00bbleft\u00a0\u00bb hover_enabled=\u00a0\u00bb0&Prime; header_font_size_tablet=\u00a0\u00bb\u00a0\u00bb header_font_size_phone=\u00a0\u00bb25px\u00a0\u00bb header_font_size_last_edited=\u00a0\u00bbon|desktop\u00a0\u00bb header_line_height_tablet=\u00a0\u00bb\u00a0\u00bb header_line_height_phone=\u00a0\u00bb1.3em\u00a0\u00bb header_line_height_last_edited=\u00a0\u00bbon|phone\u00a0\u00bb global_colors_info=\u00a0\u00bb{}\u00a0\u00bb sticky_enabled=\u00a0\u00bb0&Prime;]<\/p>\n<h1>Votre demande \u00e0 \u00e9t\u00e9 envoy\u00e9.<\/h1>\n<h1>Attendez pour une r\u00e9ponse automatis\u00e9e avec votre <strong>num\u00e9ro d&rsquo;identification de billet unique.<\/strong><strong><\/strong><\/h1>\n<h1>Nos ing\u00e9nieurs examineront votre demande et vous contacteront dans les plus brefs d\u00e9lais.<\/h1>\n<h1>Nous aspirons \u00e0 les temps de r\u00e9ponse suivants:<\/h1>\n<h1><strong>1 heure<\/strong><\/h1>\n<h1>Vous recevrez une notification lorsqu&rsquo;une r\u00e9ponse est faite par courriel.<\/h1>\n<h1>Mexxus Agence M\u00e9dia<\/h1>\n<p>[\/et_pb_text][\/et_pb_column][\/et_pb_row][\/et_pb_section]<\/p>\n","protected":false},"excerpt":{"rendered":"<p>Votre demande \u00e0 \u00e9t\u00e9 envoy\u00e9. Attendez pour une r\u00e9ponse automatis\u00e9e avec votre num\u00e9ro d&rsquo;identification de billet unique. Nos ing\u00e9nieurs examineront votre demande et vous contacteront dans les plus brefs d\u00e9lais. Nous aspirons \u00e0 les temps de r\u00e9ponse suivants: 1 heure Vous recevrez une notification lorsqu&rsquo;une r\u00e9ponse est faite par courriel. Mexxus Agence M\u00e9dia<\/p>\n","protected":false},"author":1,"featured_media":0,"parent":0,"menu_order":0,"comment_status":"closed","ping_status":"closed","template":"","meta":{"_et_pb_use_builder":"on","_et_pb_old_content":"","_et_gb_content_width":"","footnotes":""},"class_list":["post-51011","page","type-page","status-publish","hentry"],"_links":{"self":[{"href":"https:\/\/mexxusmedia.com\/fr\/wp-json\/wp\/v2\/pages\/51011","targetHints":{"allow":["GET"]}}],"collection":[{"href":"https:\/\/mexxusmedia.com\/fr\/wp-json\/wp\/v2\/pages"}],"about":[{"href":"https:\/\/mexxusmedia.com\/fr\/wp-json\/wp\/v2\/types\/page"}],"author":[{"embeddable":true,"href":"https:\/\/mexxusmedia.com\/fr\/wp-json\/wp\/v2\/users\/1"}],"replies":[{"embeddable":true,"href":"https:\/\/mexxusmedia.com\/fr\/wp-json\/wp\/v2\/comments?post=51011"}],"version-history":[{"count":7,"href":"https:\/\/mexxusmedia.com\/fr\/wp-json\/wp\/v2\/pages\/51011\/revisions"}],"predecessor-version":[{"id":54680,"href":"https:\/\/mexxusmedia.com\/fr\/wp-json\/wp\/v2\/pages\/51011\/revisions\/54680"}],"wp:attachment":[{"href":"https:\/\/mexxusmedia.com\/fr\/wp-json\/wp\/v2\/media?parent=51011"}],"curies":[{"name":"wp","href":"https:\/\/api.w.org\/{rel}","templated":true}]}}