{"id":51002,"date":"2020-09-23T12:55:35","date_gmt":"2020-09-23T12:55:35","guid":{"rendered":"https:\/\/mexxusmedia.com\/enseignes-et-lettrage\/"},"modified":"2025-02-17T21:17:11","modified_gmt":"2025-02-17T21:17:11","slug":"enseignes-et-lettrage","status":"publish","type":"page","link":"https:\/\/mexxusmedia.com\/fr\/enseignes-et-lettrage\/","title":{"rendered":"Enseignes et Lettrage"},"content":{"rendered":"<p>[et_pb_section fb_built=\u00a0\u00bb1&Prime; fullwidth=\u00a0\u00bbon\u00a0\u00bb _builder_version=\u00a0\u00bb4.16&Prime; _module_preset=\u00a0\u00bbdefault\u00a0\u00bb width=\u00a0\u00bb100%\u00a0\u00bb global_colors_info=\u00a0\u00bb{}\u00a0\u00bb][et_pb_fullwidth_slider use_bg_overlay=\u00a0\u00bboff\u00a0\u00bb use_text_overlay=\u00a0\u00bboff\u00a0\u00bb _builder_version=\u00a0\u00bb4.27.4&Prime; _module_preset=\u00a0\u00bbdefault\u00a0\u00bb background_color=\u00a0\u00bbrgba(0,0,0,0)\u00a0\u00bb max_width=\u00a0\u00bb100%\u00a0\u00bb content_width=\u00a0\u00bb100%\u00a0\u00bb custom_padding=\u00a0\u00bb80px||80px||false|false\u00a0\u00bb animation_style=\u00a0\u00bbfade\u00a0\u00bb auto=\u00a0\u00bbon\u00a0\u00bb hover_enabled=\u00a0\u00bb0&Prime; global_colors_info=\u00a0\u00bb{}\u00a0\u00bb sticky_enabled=\u00a0\u00bb0&Prime;][et_pb_slide heading=\u00a0\u00bbEnseignes int\u00e9rieurs et plus\u00a0\u00bb button_text=\u00a0\u00bbContactez-nous\u00a0\u00bb button_link=\u00a0\u00bbhttps:\/\/mexxusmedia.com\/fr\/connect\/\u00a0\u00bb use_bg_overlay=\u00a0\u00bboff\u00a0\u00bb use_text_overlay=\u00a0\u00bboff\u00a0\u00bb _builder_version=\u00a0\u00bb4.27.4&Prime; _module_preset=\u00a0\u00bbdefault\u00a0\u00bb header_level=\u00a0\u00bbh1&Prime; header_font=\u00a0\u00bbMontserrat|700|||||||\u00a0\u00bb header_text_align=\u00a0\u00bbleft\u00a0\u00bb header_font_size=\u00a0\u00bb60px\u00a0\u00bb body_font_size=\u00a0\u00bb28px\u00a0\u00bb background_color=\u00a0\u00bbrgba(0,0,0,0.53)\u00a0\u00bb background_enable_color=\u00a0\u00bbon\u00a0\u00bb background_image=\u00a0\u00bbhttps:\/\/mexxusmedia.com\/wp-content\/uploads\/2020\/09\/mexxus-sign-slide.jpg\u00a0\u00bb background_enable_image=\u00a0\u00bbon\u00a0\u00bb background_blend=\u00a0\u00bboverlay\u00a0\u00bb custom_button=\u00a0\u00bbon\u00a0\u00bb button_bg_color=\u00a0\u00bb#0c71c3&Prime; button_border_color=\u00a0\u00bbrgba(0,0,0,0)\u00a0\u00bb button_border_radius=\u00a0\u00bb50px\u00a0\u00bb button_alignment=\u00a0\u00bbleft\u00a0\u00bb width=\u00a0\u00bb100%\u00a0\u00bb max_width=\u00a0\u00bb100%\u00a0\u00bb hover_enabled=\u00a0\u00bb0&Prime; global_colors_info=\u00a0\u00bb{}\u00a0\u00bb sticky_transition=\u00a0\u00bbon\u00a0\u00bb sticky_enabled=\u00a0\u00bb0&Prime;][\/et_pb_slide][\/et_pb_fullwidth_slider][\/et_pb_section][et_pb_section fb_built=\u00a0\u00bb1&Prime; _builder_version=\u00a0\u00bb4.16&Prime; custom_padding=\u00a0\u00bb80px|0px|80px|0px|true|false\u00a0\u00bb global_colors_info=\u00a0\u00bb{}\u00a0\u00bb][et_pb_row column_structure=\u00a0\u00bb1_2,1_2&Prime; _builder_version=\u00a0\u00bb4.27.4&Prime; hover_enabled=\u00a0\u00bb0&Prime; global_colors_info=\u00a0\u00bb{}\u00a0\u00bb sticky_enabled=\u00a0\u00bb0&Prime;][et_pb_column type=\u00a0\u00bb1_2&Prime; _builder_version=\u00a0\u00bb4.16&Prime; custom_padding=\u00a0\u00bb|||\u00a0\u00bb global_colors_info=\u00a0\u00bb{}\u00a0\u00bb custom_padding__hover=\u00a0\u00bb|||\u00a0\u00bb][et_pb_text _builder_version=\u00a0\u00bb4.27.4&Prime; text_font=\u00a0\u00bbNunito Sans||||||||\u00a0\u00bb text_text_color=\u00a0\u00bb#5499D4&Prime; text_font_size=\u00a0\u00bb16px\u00a0\u00bb header_font=\u00a0\u00bbPoppins|600|||||||\u00a0\u00bb header_text_color=\u00a0\u00bb#000000&Prime; header_line_height=\u00a0\u00bb1.5em\u00a0\u00bb header_2_font_size=\u00a0\u00bb23px\u00a0\u00bb header_2_line_height=\u00a0\u00bb1.4em\u00a0\u00bb hover_enabled=\u00a0\u00bb0&Prime; global_colors_info=\u00a0\u00bb{}\u00a0\u00bb sticky_enabled=\u00a0\u00bb0&Prime;]<\/p>\n<h2>Agence Mexxus Media peut vous aider avec <strong>tous vos besoins d&rsquo;affichage<\/strong>. Nous pouvons concevoir et fabriquer tous les types de signalisation.<\/h2>\n<h2>Notre engagement est de vous fournir un produit de qualit\u00e9 qui va g\u00e9n\u00e9rer un retour positif sur votre investissement.<\/h2>\n<p>[\/et_pb_text][et_pb_text _builder_version=\u00a0\u00bb4.27.4&Prime; _module_preset=\u00a0\u00bbdefault\u00a0\u00bb hover_enabled=\u00a0\u00bb0&Prime; global_colors_info=\u00a0\u00bb{}\u00a0\u00bb sticky_enabled=\u00a0\u00bb0&Prime;]<\/p>\n<p>IMPRESSIONS SUR TAPIS CAOUTCHOUC<br \/>LETTRAGE DE VITRINES<br \/>LETTRES D\u00c9COUP\u00c9ES<br \/>MURALES<br \/>PANNEAUX MAGN\u00c9TIQUES<br \/>BANNI\u00c8RES<br \/>ENSEIGNES COROPLAST<br \/>ENSEIGNES SCULPT\u00c9ES<br \/>PR\u00c9SENTOIRS ROLL-UP &amp; X-STAND<br \/>et beaucoup plus!<\/p>\n<p>[\/et_pb_text][\/et_pb_column][et_pb_column _builder_version=\u00a0\u00bb4.27.4&Prime; _module_preset=\u00a0\u00bbdefault\u00a0\u00bb type=\u00a0\u00bb1_2&Prime;][et_pb_image src=\u00a0\u00bbhttps:\/\/mexxusmedia.com\/wp-content\/uploads\/2020\/09\/vinyl-banners.jpg\u00a0\u00bb _builder_version=\u00a0\u00bb4.27.4&Prime; _module_preset=\u00a0\u00bbdefault\u00a0\u00bb hover_enabled=\u00a0\u00bb0&Prime; sticky_enabled=\u00a0\u00bb0&Prime; alt=\u00a0\u00bbEnseignes\u00a0\u00bb][\/et_pb_image][et_pb_button button_text=\u00a0\u00bbCommuniquer avec nous\u00a0\u00bb _builder_version=\u00a0\u00bb4.27.4&Prime; _module_preset=\u00a0\u00bbdefault\u00a0\u00bb button_url=\u00a0\u00bbhttps:\/\/mexxusmedia.com\/fr\/connect\/\u00a0\u00bb hover_enabled=\u00a0\u00bb0&Prime; sticky_enabled=\u00a0\u00bb0&Prime;][\/et_pb_button][\/et_pb_column][\/et_pb_row][et_pb_row _builder_version=\u00a0\u00bb4.27.4&Prime; _module_preset=\u00a0\u00bbdefault\u00a0\u00bb][et_pb_column _builder_version=\u00a0\u00bb4.27.4&Prime; _module_preset=\u00a0\u00bbdefault\u00a0\u00bb type=\u00a0\u00bb4_4&Prime;][et_pb_text _builder_version=\u00a0\u00bb4.27.4&Prime; _module_preset=\u00a0\u00bbdefault\u00a0\u00bb text_font=\u00a0\u00bbRoboto|300|||||||\u00a0\u00bb text_text_color=\u00a0\u00bb#000000&Prime; text_font_size=\u00a0\u00bb15px\u00a0\u00bb text_line_height=\u00a0\u00bb1.8em\u00a0\u00bb hover_enabled=\u00a0\u00bb0&Prime; sticky_enabled=\u00a0\u00bb0&Prime;]<\/p>\n<p>Chez Agence Mexxus Media nous comprenons l&rsquo;importance d&rsquo;un affichage percutant pour capter l&rsquo;attention de vos clients. Nos banni\u00e8res en vinyle sont con\u00e7ues pour r\u00e9sister aux intemp\u00e9ries tout en affichant des couleurs vives et des graphiques attractifs, parfaites pour tout \u00e9v\u00e9nement ou promotion ext\u00e9rieure. De plus, nos enseignes en coroplast offrent une solution l\u00e9g\u00e8re et durable pour une visibilit\u00e9 exceptionnelle, que ce soit \u00e0 l&rsquo;int\u00e9rieur ou \u00e0 l&rsquo;ext\u00e9rieur.<\/p>\n<p>Que vous ayez besoin de signalisation temporaire pour un \u00e9v\u00e9nement sp\u00e9cial ou d&rsquo;une solution permanente pour votre entreprise, nous avons le savoir-faire pour r\u00e9pondre \u00e0 vos besoins sp\u00e9cifiques. Avec notre expertise et notre engagement envers la qualit\u00e9, chaque projet est une opportunit\u00e9 de faire briller votre marque. Faites-nous confiance pour transformer vos id\u00e9es en r\u00e9alit\u00e9 et offrir un impact visuel qui se d\u00e9marque v\u00e9ritablement. Nous sommes l\u00e0 pour vous accompagner \u00e0 chaque \u00e9tape du processus, de la <a href=\"https:\/\/mexxusmedia.com\/fr\/infographie-et-conception\/\">conception<\/a> \u00e0 la r\u00e9alisation, afin de veiller \u00e0 ce que votre message soit non seulement entendu, mais aussi m\u00e9morable.<\/p>\n<p>[\/et_pb_text][\/et_pb_column][\/et_pb_row][\/et_pb_section]<\/p>\n","protected":false},"excerpt":{"rendered":"<p>Agence Mexxus Media peut vous aider avec tous vos besoins d&rsquo;affichage. Nous pouvons concevoir et fabriquer tous les types de signalisation. Notre engagement est de vous fournir un produit de qualit\u00e9 qui va g\u00e9n\u00e9rer un retour positif sur votre investissement.IMPRESSIONS SUR TAPIS CAOUTCHOUCLETTRAGE DE VITRINESLETTRES D\u00c9COUP\u00c9ESMURALESPANNEAUX MAGN\u00c9TIQUESBANNI\u00c8RESENSEIGNES COROPLASTENSEIGNES SCULPT\u00c9ESPR\u00c9SENTOIRS ROLL-UP &amp; X-STANDet beaucoup plus!Chez Agence [&hellip;]<\/p>\n","protected":false},"author":1,"featured_media":0,"parent":0,"menu_order":0,"comment_status":"closed","ping_status":"closed","template":"","meta":{"_et_pb_use_builder":"on","_et_pb_old_content":"","_et_gb_content_width":"","footnotes":""},"class_list":["post-51002","page","type-page","status-publish","hentry"],"_links":{"self":[{"href":"https:\/\/mexxusmedia.com\/fr\/wp-json\/wp\/v2\/pages\/51002","targetHints":{"allow":["GET"]}}],"collection":[{"href":"https:\/\/mexxusmedia.com\/fr\/wp-json\/wp\/v2\/pages"}],"about":[{"href":"https:\/\/mexxusmedia.com\/fr\/wp-json\/wp\/v2\/types\/page"}],"author":[{"embeddable":true,"href":"https:\/\/mexxusmedia.com\/fr\/wp-json\/wp\/v2\/users\/1"}],"replies":[{"embeddable":true,"href":"https:\/\/mexxusmedia.com\/fr\/wp-json\/wp\/v2\/comments?post=51002"}],"version-history":[{"count":11,"href":"https:\/\/mexxusmedia.com\/fr\/wp-json\/wp\/v2\/pages\/51002\/revisions"}],"predecessor-version":[{"id":72676,"href":"https:\/\/mexxusmedia.com\/fr\/wp-json\/wp\/v2\/pages\/51002\/revisions\/72676"}],"wp:attachment":[{"href":"https:\/\/mexxusmedia.com\/fr\/wp-json\/wp\/v2\/media?parent=51002"}],"curies":[{"name":"wp","href":"https:\/\/api.w.org\/{rel}","templated":true}]}}