{"id":50999,"date":"2020-09-23T12:49:52","date_gmt":"2020-09-23T12:49:52","guid":{"rendered":"https:\/\/mexxusmedia.com\/enregistrer-nom-de-domaine\/"},"modified":"2025-02-17T20:56:47","modified_gmt":"2025-02-17T20:56:47","slug":"enregistrer-nom-de-domaine","status":"publish","type":"page","link":"https:\/\/mexxusmedia.com\/fr\/enregistrer-nom-de-domaine\/","title":{"rendered":"Enregistrer nom de domaine"},"content":{"rendered":"<p>[et_pb_section fb_built=\u00a0\u00bb1&Prime; fullwidth=\u00a0\u00bbon\u00a0\u00bb _builder_version=\u00a0\u00bb4.16&Prime; _module_preset=\u00a0\u00bbdefault\u00a0\u00bb global_colors_info=\u00a0\u00bb{}\u00a0\u00bb][et_pb_fullwidth_slider use_bg_overlay=\u00a0\u00bboff\u00a0\u00bb use_text_overlay=\u00a0\u00bboff\u00a0\u00bb _builder_version=\u00a0\u00bb4.27.4&Prime; _module_preset=\u00a0\u00bbdefault\u00a0\u00bb header_font_size=\u00a0\u00bb40px\u00a0\u00bb background_color=\u00a0\u00bbrgba(0,0,0,0)\u00a0\u00bb custom_padding=\u00a0\u00bb80px||80px||false|false\u00a0\u00bb animation_style=\u00a0\u00bbfade\u00a0\u00bb auto=\u00a0\u00bbon\u00a0\u00bb hover_enabled=\u00a0\u00bb0&Prime; global_colors_info=\u00a0\u00bb{}\u00a0\u00bb sticky_enabled=\u00a0\u00bb0&Prime;][et_pb_slide heading=\u00a0\u00bbEnregistrer nom de domaine\u00a0\u00bb button_link=\u00a0\u00bbhttps:\/\/mexxusmedia.com\/fr\/connect\/\u00a0\u00bb use_bg_overlay=\u00a0\u00bboff\u00a0\u00bb use_text_overlay=\u00a0\u00bboff\u00a0\u00bb _builder_version=\u00a0\u00bb4.27.4&Prime; _module_preset=\u00a0\u00bbdefault\u00a0\u00bb header_level=\u00a0\u00bbh1&Prime; header_font=\u00a0\u00bbMontserrat|700|||||||\u00a0\u00bb header_text_align=\u00a0\u00bbleft\u00a0\u00bb header_font_size=\u00a0\u00bb50px\u00a0\u00bb header_line_height=\u00a0\u00bb1.5em\u00a0\u00bb body_font_size=\u00a0\u00bb28px\u00a0\u00bb background_color=\u00a0\u00bbrgba(0,0,0,0.53)\u00a0\u00bb background_enable_color=\u00a0\u00bbon\u00a0\u00bb background_image=\u00a0\u00bbhttps:\/\/mexxusmedia.com\/wp-content\/uploads\/2020\/09\/domain-keys.jpg\u00a0\u00bb background_enable_image=\u00a0\u00bbon\u00a0\u00bb background_blend=\u00a0\u00bboverlay\u00a0\u00bb custom_button=\u00a0\u00bbon\u00a0\u00bb button_bg_color=\u00a0\u00bb#0c71c3&Prime; button_border_color=\u00a0\u00bbrgba(0,0,0,0)\u00a0\u00bb button_border_radius=\u00a0\u00bb50px\u00a0\u00bb button_alignment=\u00a0\u00bbleft\u00a0\u00bb width=\u00a0\u00bb100%\u00a0\u00bb max_width=\u00a0\u00bb100%\u00a0\u00bb hover_enabled=\u00a0\u00bb0&Prime; global_colors_info=\u00a0\u00bb{}\u00a0\u00bb sticky_transition=\u00a0\u00bbon\u00a0\u00bb sticky_enabled=\u00a0\u00bb0&Prime;]<\/p>\n<h2 style=\"text-align: left;\">Enregistrer un nom de domaine canadien &#8211; c&rsquo;est la fa\u00e7on dont les Canadiens vous trouver.<\/h2>\n<p>[\/et_pb_slide][\/et_pb_fullwidth_slider][\/et_pb_section][et_pb_section fb_built=\u00a0\u00bb1&Prime; theme_builder_area=\u00a0\u00bbpost_content\u00a0\u00bb _builder_version=\u00a0\u00bb4.27.4&Prime; _module_preset=\u00a0\u00bbdefault\u00a0\u00bb][et_pb_row _builder_version=\u00a0\u00bb4.27.4&Prime; custom_padding=\u00a0\u00bb||6px|||\u00a0\u00bb hover_enabled=\u00a0\u00bb0&Prime; global_colors_info=\u00a0\u00bb{}\u00a0\u00bb column_structure=\u00a0\u00bb1_2,1_2&Prime; theme_builder_area=\u00a0\u00bbpost_content\u00a0\u00bb sticky_enabled=\u00a0\u00bb0&Prime;][et_pb_column type=\u00a0\u00bb1_2&Prime; _builder_version=\u00a0\u00bb4.16&Prime; custom_padding=\u00a0\u00bb|||\u00a0\u00bb global_colors_info=\u00a0\u00bb{}\u00a0\u00bb custom_padding__hover=\u00a0\u00bb|||\u00a0\u00bb theme_builder_area=\u00a0\u00bbpost_content\u00a0\u00bb][et_pb_text _builder_version=\u00a0\u00bb4.27.4&Prime; header_font=\u00a0\u00bbPoppins|600|||||||\u00a0\u00bb header_text_align=\u00a0\u00bbleft\u00a0\u00bb header_text_color=\u00a0\u00bb#000000&Prime; header_font_size=\u00a0\u00bb14px\u00a0\u00bb header_letter_spacing=\u00a0\u00bb2px\u00a0\u00bb header_line_height=\u00a0\u00bb1.2em\u00a0\u00bb custom_padding=\u00a0\u00bb|||\u00a0\u00bb hover_enabled=\u00a0\u00bb0&Prime; header_font_size_tablet=\u00a0\u00bb\u00a0\u00bb header_font_size_phone=\u00a0\u00bb13px\u00a0\u00bb header_font_size_last_edited=\u00a0\u00bbon|phone\u00a0\u00bb global_colors_info=\u00a0\u00bb{}\u00a0\u00bb sticky_enabled=\u00a0\u00bb0&Prime; header_3_font=\u00a0\u00bbPoppins||||||||\u00a0\u00bb header_3_font_size=\u00a0\u00bb18px\u00a0\u00bb theme_builder_area=\u00a0\u00bbpost_content\u00a0\u00bb]<\/p>\n<h3>Votre nom de domaine parfait&#8230;<\/h3>\n<p>[\/et_pb_text][et_pb_text _builder_version=\u00a0\u00bb4.16&Prime; header_font=\u00a0\u00bbPoppins|600|||||||\u00a0\u00bb header_text_color=\u00a0\u00bb#000000&Prime; header_line_height=\u00a0\u00bb1.4em\u00a0\u00bb custom_margin=\u00a0\u00bb-23px||\u00a0\u00bb custom_padding=\u00a0\u00bb|||\u00a0\u00bb header_font_size_tablet=\u00a0\u00bb\u00a0\u00bb header_font_size_phone=\u00a0\u00bb25px\u00a0\u00bb header_font_size_last_edited=\u00a0\u00bbon|phone\u00a0\u00bb global_colors_info=\u00a0\u00bb{}\u00a0\u00bb theme_builder_area=\u00a0\u00bbpost_content\u00a0\u00bb]<\/p>\n<h1>Tout commence par un domaine.<\/h1>\n<p>[\/et_pb_text][et_pb_text _builder_version=\u00a0\u00bb4.16&Prime; text_font=\u00a0\u00bbRoboto|300|||||||\u00a0\u00bb text_text_color=\u00a0\u00bb#000000&Prime; text_font_size=\u00a0\u00bb15px\u00a0\u00bb text_line_height=\u00a0\u00bb1.8em\u00a0\u00bb header_font=\u00a0\u00bbYeseva One||||||||\u00a0\u00bb header_text_color=\u00a0\u00bb#3c1c20&Prime; header_font_size=\u00a0\u00bb47px\u00a0\u00bb header_line_height=\u00a0\u00bb1.2em\u00a0\u00bb custom_margin=\u00a0\u00bb-19px||\u00a0\u00bb global_colors_info=\u00a0\u00bb{}\u00a0\u00bb theme_builder_area=\u00a0\u00bbpost_content\u00a0\u00bb]<\/p>\n<div class=\"spb_content_element col-sm-8 spb_text_column\">\n<div class=\"spb-asset-content\">\n<p>Vous souhaitez cr\u00e9er un site Web, mais ne savez pas par o\u00f9 commencer?<\/p>\n<p>Gr\u00e2ce \u00e0 Mexxus, tout devient plus facile. Tout d\u2019abord, votre site a besoin d\u2019une adresse qui le rende accessible sur l\u2019internet. Choisissez pour cela un nom facile \u00e0 retenir pour que vos visiteurs potentiels vous trouvent facilement. V\u00e9rifiez ensuite si l\u2019adresse souhait\u00e9e est encore disponible. Si oui, r\u00e9servez directement l\u2019adresse afin de ne pas risquer de la perdre. Si l\u2019adresse d\u00e9sir\u00e9e n\u2019est plus disponible, Mexxus vous propose diff\u00e9rentes alternatives. La r\u00e9servation d\u2019une adresse Web constitue une \u00e9tape importante lors du lancement de vos projets Web. Votre nom de domaine n\u2019est pas seulement l\u2019adresse qui permet d\u2019acc\u00e9der \u00e0 votre site, mais \u00e9galement un \u00e9l\u00e9ment de marketing qui influence votre r\u00e9putation et votre succ\u00e8s sur Internet. Il est donc pr\u00e9f\u00e9rable de r\u00e9server son adresse Web \u00e0 temps pour s\u2019en assurer les droits le plus t\u00f4t possible.<\/p>\n<\/div>\n<\/div>\n<p>[\/et_pb_text][et_pb_button button_url=\u00a0\u00bbhttps:\/\/www.mexxus.com\/cart.php?a=add&#038;domain=register\u00a0\u00bb button_text=\u00a0\u00bbENREGISTREZ VOTRE NOM DE DOMAINE !\u00a0\u00bb _builder_version=\u00a0\u00bb4.27.2&Prime; _module_preset=\u00a0\u00bbdefault\u00a0\u00bb global_colors_info=\u00a0\u00bb{}\u00a0\u00bb theme_builder_area=\u00a0\u00bbpost_content\u00a0\u00bb][\/et_pb_button][\/et_pb_column][et_pb_column type=\u00a0\u00bb1_2&Prime; _builder_version=\u00a0\u00bb4.16&Prime; custom_padding=\u00a0\u00bb|||\u00a0\u00bb global_colors_info=\u00a0\u00bb{}\u00a0\u00bb custom_padding__hover=\u00a0\u00bb|||\u00a0\u00bb theme_builder_area=\u00a0\u00bbpost_content\u00a0\u00bb][et_pb_image src=\u00a0\u00bbhttps:\/\/mexxusmedia.com\/wp-content\/uploads\/2020\/09\/domain-tlds.jpg\u00a0\u00bb _builder_version=\u00a0\u00bb4.27.4&Prime; _module_preset=\u00a0\u00bbdefault\u00a0\u00bb theme_builder_area=\u00a0\u00bbpost_content\u00a0\u00bb alt=\u00a0\u00bbEnregistrer nom de domaine\u00a0\u00bb hover_enabled=\u00a0\u00bb0&Prime; sticky_enabled=\u00a0\u00bb0&Prime;][\/et_pb_image][\/et_pb_column][\/et_pb_row][\/et_pb_section]<\/p>\n","protected":false},"excerpt":{"rendered":"<p>Enregistrer un nom de domaine canadien &#8211; c&rsquo;est la fa\u00e7on dont les Canadiens vous trouver.Votre nom de domaine parfait&#8230;Tout commence par un domaine. Vous souhaitez cr\u00e9er un site Web, mais ne savez pas par o\u00f9 commencer? Gr\u00e2ce \u00e0 Mexxus, tout devient plus facile. Tout d\u2019abord, votre site a besoin d\u2019une adresse qui le rende accessible [&hellip;]<\/p>\n","protected":false},"author":1,"featured_media":0,"parent":0,"menu_order":0,"comment_status":"closed","ping_status":"closed","template":"","meta":{"_et_pb_use_builder":"on","_et_pb_old_content":"","_et_gb_content_width":"","footnotes":""},"class_list":["post-50999","page","type-page","status-publish","hentry"],"_links":{"self":[{"href":"https:\/\/mexxusmedia.com\/fr\/wp-json\/wp\/v2\/pages\/50999","targetHints":{"allow":["GET"]}}],"collection":[{"href":"https:\/\/mexxusmedia.com\/fr\/wp-json\/wp\/v2\/pages"}],"about":[{"href":"https:\/\/mexxusmedia.com\/fr\/wp-json\/wp\/v2\/types\/page"}],"author":[{"embeddable":true,"href":"https:\/\/mexxusmedia.com\/fr\/wp-json\/wp\/v2\/users\/1"}],"replies":[{"embeddable":true,"href":"https:\/\/mexxusmedia.com\/fr\/wp-json\/wp\/v2\/comments?post=50999"}],"version-history":[{"count":12,"href":"https:\/\/mexxusmedia.com\/fr\/wp-json\/wp\/v2\/pages\/50999\/revisions"}],"predecessor-version":[{"id":72670,"href":"https:\/\/mexxusmedia.com\/fr\/wp-json\/wp\/v2\/pages\/50999\/revisions\/72670"}],"wp:attachment":[{"href":"https:\/\/mexxusmedia.com\/fr\/wp-json\/wp\/v2\/media?parent=50999"}],"curies":[{"name":"wp","href":"https:\/\/api.w.org\/{rel}","templated":true}]}}