{"id":50995,"date":"2020-09-23T12:42:18","date_gmt":"2020-09-23T12:42:18","guid":{"rendered":"https:\/\/mexxusmedia.com\/articles-promotionnels\/"},"modified":"2025-09-15T09:01:06","modified_gmt":"2025-09-15T13:01:06","slug":"articles-promotionnels","status":"publish","type":"page","link":"https:\/\/mexxusmedia.com\/fr\/articles-promotionnels\/","title":{"rendered":"Articles promotionnels"},"content":{"rendered":"<p>[et_pb_section fb_built=\u00a0\u00bb1&Prime; fullwidth=\u00a0\u00bbon\u00a0\u00bb _builder_version=\u00a0\u00bb4.16&Prime; _module_preset=\u00a0\u00bbdefault\u00a0\u00bb global_colors_info=\u00a0\u00bb{}\u00a0\u00bb][et_pb_fullwidth_slider use_bg_overlay=\u00a0\u00bboff\u00a0\u00bb use_text_overlay=\u00a0\u00bboff\u00a0\u00bb _builder_version=\u00a0\u00bb4.27.4&Prime; _module_preset=\u00a0\u00bbdefault\u00a0\u00bb background_color=\u00a0\u00bbrgba(0,0,0,0)\u00a0\u00bb custom_padding=\u00a0\u00bb80px||80px||false|false\u00a0\u00bb animation_style=\u00a0\u00bbfade\u00a0\u00bb auto=\u00a0\u00bbon\u00a0\u00bb global_colors_info=\u00a0\u00bb{}\u00a0\u00bb][et_pb_slide heading=\u00a0\u00bbArticles promotionnels\u00a0\u00bb button_text=\u00a0\u00bbContactez-nous\u00a0\u00bb button_link=\u00a0\u00bbhttps:\/\/mexxusmedia.com\/fr\/connect\/\u00a0\u00bb use_bg_overlay=\u00a0\u00bboff\u00a0\u00bb use_text_overlay=\u00a0\u00bboff\u00a0\u00bb _builder_version=\u00a0\u00bb4.27.4&Prime; _module_preset=\u00a0\u00bbdefault\u00a0\u00bb header_level=\u00a0\u00bbh1&Prime; header_font=\u00a0\u00bbMontserrat|700|||||||\u00a0\u00bb header_text_align=\u00a0\u00bbleft\u00a0\u00bb header_font_size=\u00a0\u00bb60px\u00a0\u00bb header_line_height=\u00a0\u00bb1.5em\u00a0\u00bb body_font_size=\u00a0\u00bb28px\u00a0\u00bb background_color=\u00a0\u00bbrgba(0,0,0,0.53)\u00a0\u00bb background_enable_color=\u00a0\u00bbon\u00a0\u00bb background_image=\u00a0\u00bbhttps:\/\/mexxusmedia.com\/wp-content\/uploads\/2020\/09\/empire-promoitm.jpg\u00a0\u00bb background_enable_image=\u00a0\u00bbon\u00a0\u00bb background_position=\u00a0\u00bbbottom_center\u00a0\u00bb background_blend=\u00a0\u00bboverlay\u00a0\u00bb custom_button=\u00a0\u00bbon\u00a0\u00bb button_bg_color=\u00a0\u00bb#0c71c3&Prime; button_border_color=\u00a0\u00bbrgba(0,0,0,0)\u00a0\u00bb button_border_radius=\u00a0\u00bb50px\u00a0\u00bb button_alignment=\u00a0\u00bbleft\u00a0\u00bb width=\u00a0\u00bb100%\u00a0\u00bb max_width=\u00a0\u00bb100%\u00a0\u00bb global_colors_info=\u00a0\u00bb{}\u00a0\u00bb sticky_transition=\u00a0\u00bbon\u00a0\u00bb]<\/p>\n<h2 style=\"text-align: left;\">N\u2019h\u00e9sitez pas \u00e0 nous contacter pour tout type de projets articles promotionnels personnalis\u00e9s<\/h2>\n<p>[\/et_pb_slide][\/et_pb_fullwidth_slider][\/et_pb_section][et_pb_section fb_built=\u00a0\u00bb1&Prime; _builder_version=\u00a0\u00bb4.16&Prime; background_color=\u00a0\u00bb#ededed\u00a0\u00bb custom_padding=\u00a0\u00bb||||true|false\u00a0\u00bb global_colors_info=\u00a0\u00bb{}\u00a0\u00bb][et_pb_row column_structure=\u00a0\u00bb1_2,1_2&Prime; make_equal=\u00a0\u00bbon\u00a0\u00bb padding_top_bottom_link_2=\u00a0\u00bbtrue\u00a0\u00bb _builder_version=\u00a0\u00bb4.27.4&Prime; custom_margin=\u00a0\u00bb|||\u00a0\u00bb global_colors_info=\u00a0\u00bb{}\u00a0\u00bb][et_pb_column type=\u00a0\u00bb1_2&Prime; _builder_version=\u00a0\u00bb4.16&Prime; custom_padding=\u00a0\u00bb60px||60px|\u00a0\u00bb custom_padding_tablet=\u00a0\u00bb0px||0px|\u00a0\u00bb custom_padding_phone=\u00a0\u00bb0px||0px\u00a0\u00bb custom_padding_last_edited=\u00a0\u00bbon|tablet\u00a0\u00bb global_colors_info=\u00a0\u00bb{}\u00a0\u00bb custom_padding__hover=\u00a0\u00bb|||\u00a0\u00bb][et_pb_text _builder_version=\u00a0\u00bb4.16&Prime; header_font=\u00a0\u00bbPoppins|700||on|||||\u00a0\u00bb header_text_color=\u00a0\u00bb#000000&Prime; header_line_height=\u00a0\u00bb1.4em\u00a0\u00bb custom_margin=\u00a0\u00bb-11px|||\u00a0\u00bb custom_padding=\u00a0\u00bb|||\u00a0\u00bb header_font_size_tablet=\u00a0\u00bb\u00a0\u00bb header_font_size_phone=\u00a0\u00bb25px\u00a0\u00bb header_font_size_last_edited=\u00a0\u00bbon|tablet\u00a0\u00bb global_colors_info=\u00a0\u00bb{}\u00a0\u00bb]<\/p>\n<h1>La publicit\u00e9 \u00e0 travers des objets communs<\/h1>\n<p>[\/et_pb_text][et_pb_divider color=\u00a0\u00bb#000000&Prime; divider_weight=\u00a0\u00bb4px\u00a0\u00bb _builder_version=\u00a0\u00bb4.16&Prime; max_width=\u00a0\u00bb100px\u00a0\u00bb module_alignment=\u00a0\u00bbleft\u00a0\u00bb custom_margin=\u00a0\u00bb-26px||9px|\u00a0\u00bb custom_padding=\u00a0\u00bb||||true\u00a0\u00bb global_colors_info=\u00a0\u00bb{}\u00a0\u00bb][\/et_pb_divider][et_pb_text _builder_version=\u00a0\u00bb4.27.4&Prime; _module_preset=\u00a0\u00bbdefault\u00a0\u00bb text_font=\u00a0\u00bbRoboto|300|||||||\u00a0\u00bb text_text_color=\u00a0\u00bb#000000&Prime; text_font_size=\u00a0\u00bb15px\u00a0\u00bb text_line_height=\u00a0\u00bb1.8em\u00a0\u00bb global_colors_info=\u00a0\u00bb{}\u00a0\u00bb]<\/p>\n<p>Dans un monde o\u00f9 l&rsquo;image de marque est primordiale, les articles promotionnels que nous proposons chez Mexxus se d\u00e9marquent par leur originalit\u00e9 et leur efficacit\u00e9. Chaque objet, qu&rsquo;il s&rsquo;agisse de stylos, de tasses ou de sacs, peut devenir un vecteur puissant pour v\u00e9hiculer les valeurs et l&rsquo;identit\u00e9 de votre entreprise.<\/p>\n<p>En int\u00e9grant vos couleurs et votre logo, ces articles ne sont pas simplement des objets, mais de v\u00e9ritables ambassadeurs de votre marque qui cr\u00e9ent une connexion \u00e9motionnelle durable avec votre public. Avec notre expertise et notre passion pour le marketing, nous nous engageons \u00e0 transformer vos id\u00e9es en cr\u00e9ations uniques qui attirent l&rsquo;\u0153il et la m\u00e9moire.<\/p>\n<p>Que vous souhaitiez lancer une nouvelle campagne, c\u00e9l\u00e9brer un \u00e9v\u00e9nement ou renforcer les liens avec vos clients, notre \u00e9quipe est pr\u00eate \u00e0 vous accompagner dans chaque \u00e9tape. En choisissant Mexxus, vous ne choisissez pas seulement des articles promotionnels, mais un partenariat solide et une strat\u00e9gie de marque r\u00e9fl\u00e9chie qui fera briller votre entreprise sur le march\u00e9. Explorez notre vaste catalogue et donnez vie \u00e0 vos projets promotionnels d\u00e8s aujourd&rsquo;hui.<\/p>\n<p>[\/et_pb_text][et_pb_image src=\u00a0\u00bbhttps:\/\/mexxusmedia.com\/wp-content\/uploads\/2019\/04\/nike-baseball-cap.jpg\u00a0\u00bb _builder_version=\u00a0\u00bb4.27.4&Prime; _module_preset=\u00a0\u00bbdefault\u00a0\u00bb global_colors_info=\u00a0\u00bb{}\u00a0\u00bb][\/et_pb_image][\/et_pb_column][et_pb_column type=\u00a0\u00bb1_2&Prime; _builder_version=\u00a0\u00bb4.27.4&Prime; background_enable_image=\u00a0\u00bboff\u00a0\u00bb background_size=\u00a0\u00bbcontain\u00a0\u00bb custom_padding=\u00a0\u00bb|||\u00a0\u00bb global_colors_info=\u00a0\u00bb{}\u00a0\u00bb custom_padding__hover=\u00a0\u00bb|||\u00a0\u00bb][et_pb_image src=\u00a0\u00bbhttps:\/\/mexxusmedia.com\/wp-content\/uploads\/2020\/09\/pencils.jpg\u00a0\u00bb alt=\u00a0\u00bbArticles promotionnels\u00a0\u00bb _builder_version=\u00a0\u00bb4.27.4&Prime; _module_preset=\u00a0\u00bbdefault\u00a0\u00bb custom_margin=\u00a0\u00bb50px||||false|false\u00a0\u00bb global_colors_info=\u00a0\u00bb{}\u00a0\u00bb][\/et_pb_image][et_pb_text _builder_version=\u00a0\u00bb4.16&Prime; text_font=\u00a0\u00bbRoboto|300|||||||\u00a0\u00bb text_text_color=\u00a0\u00bb#000000&Prime; text_font_size=\u00a0\u00bb15px\u00a0\u00bb text_line_height=\u00a0\u00bb1.8em\u00a0\u00bb header_font=\u00a0\u00bbNunito Sans||||||||\u00a0\u00bb header_text_color=\u00a0\u00bb#5499D4&Prime; header_font_size=\u00a0\u00bb16px\u00a0\u00bb header_line_height=\u00a0\u00bb1.9em\u00a0\u00bb global_colors_info=\u00a0\u00bb{}\u00a0\u00bb]<\/p>\n<p>Mexxus vous offre une gamme compl\u00e8te d\u2019items promotionnels. La publicit\u00e9 \u00e0 travers des objets communs a un effet durable, car elle permet la reconnaissance et le renforcement de votre marque de commerce. C\u2019est l\u2019une des fa\u00e7ons les plus cr\u00e9atives et rentables pour accro\u00eetre la notori\u00e9t\u00e9 et resserrer les liens et rapports affectifs avec votre image de marque.<\/p>\n<p>Chaque projet est unique et nous investissons toutes nos ressources  afin que le r\u00e9sultat final soit \u00e0 la hauteur de vos attentes tout en respectant vos budgets initiaux.<\/p>\n<p>N\u2019h\u00e9sitez pas \u00e0 nous contacter pour tout type de projets promotionnels. Nous travaillons avec les derni\u00e8res technologies et restons disponibles dans l\u2019innovation et le d\u00e9veloppement de vos projets sp\u00e9cifiques.<\/p>\n<p>[\/et_pb_text][\/et_pb_column][\/et_pb_row][\/et_pb_section]<\/p>\n","protected":false},"excerpt":{"rendered":"<p>N\u2019h\u00e9sitez pas \u00e0 nous contacter pour tout type de projets articles promotionnels personnalis\u00e9sLa publicit\u00e9 \u00e0 travers des objets communsDans un monde o\u00f9 l&rsquo;image de marque est primordiale, les articles promotionnels que nous proposons chez Mexxus se d\u00e9marquent par leur originalit\u00e9 et leur efficacit\u00e9. Chaque objet, qu&rsquo;il s&rsquo;agisse de stylos, de tasses ou de sacs, peut [&hellip;]<\/p>\n","protected":false},"author":1,"featured_media":52904,"parent":0,"menu_order":0,"comment_status":"closed","ping_status":"closed","template":"","meta":{"_et_pb_use_builder":"on","_et_pb_old_content":"","_et_gb_content_width":"","footnotes":""},"class_list":["post-50995","page","type-page","status-publish","has-post-thumbnail","hentry"],"_links":{"self":[{"href":"https:\/\/mexxusmedia.com\/fr\/wp-json\/wp\/v2\/pages\/50995","targetHints":{"allow":["GET"]}}],"collection":[{"href":"https:\/\/mexxusmedia.com\/fr\/wp-json\/wp\/v2\/pages"}],"about":[{"href":"https:\/\/mexxusmedia.com\/fr\/wp-json\/wp\/v2\/types\/page"}],"author":[{"embeddable":true,"href":"https:\/\/mexxusmedia.com\/fr\/wp-json\/wp\/v2\/users\/1"}],"replies":[{"embeddable":true,"href":"https:\/\/mexxusmedia.com\/fr\/wp-json\/wp\/v2\/comments?post=50995"}],"version-history":[{"count":9,"href":"https:\/\/mexxusmedia.com\/fr\/wp-json\/wp\/v2\/pages\/50995\/revisions"}],"predecessor-version":[{"id":73517,"href":"https:\/\/mexxusmedia.com\/fr\/wp-json\/wp\/v2\/pages\/50995\/revisions\/73517"}],"wp:featuredmedia":[{"embeddable":true,"href":"https:\/\/mexxusmedia.com\/fr\/wp-json\/wp\/v2\/media\/52904"}],"wp:attachment":[{"href":"https:\/\/mexxusmedia.com\/fr\/wp-json\/wp\/v2\/media?parent=50995"}],"curies":[{"name":"wp","href":"https:\/\/api.w.org\/{rel}","templated":true}]}}