{"id":50947,"date":"2020-09-22T17:43:15","date_gmt":"2020-09-22T17:43:15","guid":{"rendered":"https:\/\/mexxusmedia.com\/intelligence-artificielle\/"},"modified":"2020-11-03T13:43:27","modified_gmt":"2020-11-03T13:43:27","slug":"intelligence-artificielle","status":"publish","type":"page","link":"https:\/\/mexxusmedia.com\/fr\/intelligence-artificielle\/","title":{"rendered":"Intelligence artificielle"},"content":{"rendered":"<p>[et_pb_section fb_built=\u00a0\u00bb1&Prime; fullwidth=\u00a0\u00bbon\u00a0\u00bb _builder_version=\u00a0\u00bb4.6.1&Prime; _module_preset=\u00a0\u00bbdefault\u00a0\u00bb][et_pb_fullwidth_slider use_bg_overlay=\u00a0\u00bboff\u00a0\u00bb use_text_overlay=\u00a0\u00bboff\u00a0\u00bb _builder_version=\u00a0\u00bb4.6.6&Prime; _module_preset=\u00a0\u00bbdefault\u00a0\u00bb background_color=\u00a0\u00bbrgba(0,0,0,0)\u00a0\u00bb custom_padding=\u00a0\u00bb80px||80px||false|false\u00a0\u00bb animation_style=\u00a0\u00bbfade\u00a0\u00bb auto=\u00a0\u00bbon\u00a0\u00bb hover_enabled=\u00a0\u00bb0&Prime; sticky_enabled=\u00a0\u00bb0&Prime;][et_pb_slide heading=\u00a0\u00bbIntelligence artificielle &#038; Agents conversationnels\u00a0\u00bb button_text=\u00a0\u00bbContactez-nous\u00a0\u00bb button_link=\u00a0\u00bbhttps:\/\/mexxusmedia.com\/fr\/connect\/\u00a0\u00bb use_bg_overlay=\u00a0\u00bboff\u00a0\u00bb use_text_overlay=\u00a0\u00bboff\u00a0\u00bb _builder_version=\u00a0\u00bb4.6.6&Prime; _module_preset=\u00a0\u00bbdefault\u00a0\u00bb header_level=\u00a0\u00bbh1&Prime; header_font=\u00a0\u00bbMontserrat|700|||||||\u00a0\u00bb header_text_align=\u00a0\u00bbleft\u00a0\u00bb header_font_size=\u00a0\u00bb60px\u00a0\u00bb header_line_height=\u00a0\u00bb1.5em\u00a0\u00bb body_font_size=\u00a0\u00bb28px\u00a0\u00bb background_color=\u00a0\u00bbrgba(0,0,0,0.53)\u00a0\u00bb background_enable_color=\u00a0\u00bbon\u00a0\u00bb background_image=\u00a0\u00bbhttps:\/\/mexxusmedia.com\/wp-content\/uploads\/2020\/09\/ai-applications.jpg\u00a0\u00bb background_enable_image=\u00a0\u00bbon\u00a0\u00bb background_blend=\u00a0\u00bboverlay\u00a0\u00bb custom_button=\u00a0\u00bbon\u00a0\u00bb button_bg_color=\u00a0\u00bb#0c71c3&Prime; button_border_color=\u00a0\u00bbrgba(0,0,0,0)\u00a0\u00bb button_border_radius=\u00a0\u00bb50px\u00a0\u00bb button_alignment=\u00a0\u00bbleft\u00a0\u00bb width=\u00a0\u00bb100%\u00a0\u00bb max_width=\u00a0\u00bb100%\u00a0\u00bb hover_enabled=\u00a0\u00bb0&Prime; sticky_transition=\u00a0\u00bbon\u00a0\u00bb sticky_enabled=\u00a0\u00bb0&Prime;]<\/p>\n<h2 style=\"text-align: left;\">Applications en Intelligence artificielle<\/h2>\n<p>[\/et_pb_slide][\/et_pb_fullwidth_slider][\/et_pb_section][et_pb_section fb_built=\u00a0\u00bb1&Prime; _builder_version=\u00a0\u00bb4.6.1&Prime; custom_padding=\u00a0\u00bb|0px||0px|true|false\u00a0\u00bb][et_pb_row _builder_version=\u00a0\u00bb3.25&Prime; custom_padding=\u00a0\u00bb|0px|52px|0px|false|false\u00a0\u00bb][et_pb_column type=\u00a0\u00bb4_4&Prime; _builder_version=\u00a0\u00bb3.25&Prime; custom_padding=\u00a0\u00bb|||\u00a0\u00bb custom_padding__hover=\u00a0\u00bb|||\u00a0\u00bb][et_pb_text _builder_version=\u00a0\u00bb4.6.1&Prime; text_font=\u00a0\u00bbPoppins|700|||||||\u00a0\u00bb text_text_color=\u00a0\u00bb#000000&Prime; text_font_size=\u00a0\u00bb30px\u00a0\u00bb text_orientation=\u00a0\u00bbcenter\u00a0\u00bb text_font_size_tablet=\u00a0\u00bb\u00a0\u00bb text_font_size_phone=\u00a0\u00bb20px\u00a0\u00bb text_font_size_last_edited=\u00a0\u00bbon|desktop\u00a0\u00bb]<\/p>\n<p>Applications en Intelligence artificielle<\/p>\n<p>[\/et_pb_text][et_pb_text _builder_version=\u00a0\u00bb4.6.1&Prime; text_font=\u00a0\u00bbRoboto|300|||||||\u00a0\u00bb text_text_color=\u00a0\u00bb#000000&Prime; text_font_size=\u00a0\u00bb15px\u00a0\u00bb text_line_height=\u00a0\u00bb1.8em\u00a0\u00bb text_orientation=\u00a0\u00bbcenter\u00a0\u00bb max_width_tablet=\u00a0\u00bb80%\u00a0\u00bb max_width_phone=\u00a0\u00bb90%\u00a0\u00bb max_width_last_edited=\u00a0\u00bbon|desktop\u00a0\u00bb module_alignment=\u00a0\u00bbcenter\u00a0\u00bb custom_margin=\u00a0\u00bb-13px||\u00a0\u00bb custom_padding=\u00a0\u00bb0px||\u00a0\u00bb]<\/p>\n<p>Saisissez le pouvoir de l\u2019intelligence artificielle et du machine learning et b\u00e9n\u00e9ficiez de perspectives r\u00e9alisables dans la cr\u00e9ation d\u2019une exp\u00e9rience hautement personnalis\u00e9e et intelligente. Notre proc\u00e9d\u00e9 fournit des solutions en intelligence artificielle sur mesure en optimisant les meilleurs outils et d\u00e9veloppements logistiques afin de maximiser le rendement tout en r\u00e9duisant les co\u00fbts du d\u00e9veloppement et de l\u2019entretien.<\/p>\n<p>[\/et_pb_text][\/et_pb_column][\/et_pb_row][et_pb_row column_structure=\u00a0\u00bb1_3,1_3,1_3&Prime; use_custom_gutter=\u00a0\u00bbon\u00a0\u00bb gutter_width=\u00a0\u00bb2&Prime; _builder_version=\u00a0\u00bb3.25&Prime;][et_pb_column type=\u00a0\u00bb1_3&Prime; _builder_version=\u00a0\u00bb3.25&Prime; custom_padding=\u00a0\u00bb|||\u00a0\u00bb custom_padding__hover=\u00a0\u00bb|||\u00a0\u00bb][et_pb_blurb title=\u00a0\u00bbL\u2019analyse intelligente\u00a0\u00bb image=\u00a0\u00bbhttps:\/\/mexxusmedia.com\/wp-content\/uploads\/2020\/09\/data-processing-multi-120&#215;102-1.png\u00a0\u00bb icon_placement=\u00a0\u00bbleft\u00a0\u00bb image_max_width=\u00a0\u00bb70px\u00a0\u00bb content_max_width=\u00a0\u00bb100%\u00a0\u00bb _builder_version=\u00a0\u00bb4.6.1&Prime; header_font=\u00a0\u00bbPoppins|700|||||||\u00a0\u00bb header_text_align=\u00a0\u00bbleft\u00a0\u00bb header_text_color=\u00a0\u00bb#000000&Prime; header_font_size=\u00a0\u00bb20px\u00a0\u00bb header_line_height=\u00a0\u00bb1.3em\u00a0\u00bb body_font=\u00a0\u00bbRoboto|300|||||||\u00a0\u00bb body_text_align=\u00a0\u00bbleft\u00a0\u00bb body_text_color=\u00a0\u00bb#000000&Prime; body_font_size=\u00a0\u00bb15px\u00a0\u00bb body_line_height=\u00a0\u00bb1.8em\u00a0\u00bb custom_padding=\u00a0\u00bb|15px||\u00a0\u00bb animation=\u00a0\u00bboff\u00a0\u00bb]L\u2019interaction entre les gens (clients, partenaires ou employ\u00e9s) et les organismes ayant bascul\u00e9 des plateformes directes aux plateformes num\u00e9riques, fait que l\u2019int\u00e9gration du machine learning aux diverses formes de communication et aux activit\u00e9s commerciales propose des perspectives ant\u00e9rieurement inexistantes et autrefois tr\u00e8s difficiles et co\u00fbteuses.<\/p>\n<p>Le regroupement et la classification de quantit\u00e9s imposantes de donn\u00e9es permettent aux organismes de pr\u00e9voir et de sugg\u00e9rer des comportements qui optimisent l\u2019efficacit\u00e9 op\u00e9rationnelle donnant ainsi lieu \u00e0 un service client am\u00e9lior\u00e9, synonyme \u00e0 la croissance des ventes.[\/et_pb_blurb][\/et_pb_column][et_pb_column type=\u00a0\u00bb1_3&Prime; _builder_version=\u00a0\u00bb3.25&Prime; custom_padding=\u00a0\u00bb|||\u00a0\u00bb custom_padding__hover=\u00a0\u00bb|||\u00a0\u00bb][et_pb_blurb title=\u00a0\u00bbLa r\u00e9alit\u00e9 augment\u00e9e\u00a0\u00bb image=\u00a0\u00bbhttps:\/\/mexxusmedia.com\/wp-content\/uploads\/2020\/09\/ar-icon-120&#215;114-1.png\u00a0\u00bb icon_placement=\u00a0\u00bbleft\u00a0\u00bb image_max_width=\u00a0\u00bb70px\u00a0\u00bb content_max_width=\u00a0\u00bb100%\u00a0\u00bb _builder_version=\u00a0\u00bb4.6.1&Prime; header_font=\u00a0\u00bbPoppins|700|||||||\u00a0\u00bb header_text_align=\u00a0\u00bbleft\u00a0\u00bb header_text_color=\u00a0\u00bb#000000&Prime; header_font_size=\u00a0\u00bb20px\u00a0\u00bb header_line_height=\u00a0\u00bb1.3em\u00a0\u00bb body_font=\u00a0\u00bbRoboto|300|||||||\u00a0\u00bb body_text_align=\u00a0\u00bbleft\u00a0\u00bb body_text_color=\u00a0\u00bb#000000&Prime; body_font_size=\u00a0\u00bb15px\u00a0\u00bb body_line_height=\u00a0\u00bb1.8em\u00a0\u00bb custom_padding=\u00a0\u00bb|15px||\u00a0\u00bb animation=\u00a0\u00bboff\u00a0\u00bb]La r\u00e9alit\u00e9 augment\u00e9e (RA) ajoute des couches d\u2019images g\u00e9n\u00e9r\u00e9es par ordi \u00e0 notre vue normale afin de fournir un composite \u00e0 l\u2019\u00e9cran de l\u2019utilisateur. Il n\u2019y a aucune limite aux usages potentiels. \u00c0 titre d\u2019exemple, des entreprises comme Wayfair et IKEA utilisent la r\u00e9alit\u00e9 augment\u00e9e afin de permettre aux gens de visualiser le look de leur espace \u00e0 la suite de l\u2019achat d\u2019un meuble avant m\u00eame de l\u2019acheter.  Lorsque bien saisie et int\u00e9gr\u00e9e, la technologie RA peut g\u00e9n\u00e9rer des consommateurs plus engag\u00e9s et fid\u00e8les.[\/et_pb_blurb][\/et_pb_column][et_pb_column type=\u00a0\u00bb1_3&Prime; _builder_version=\u00a0\u00bb3.25&Prime; custom_padding=\u00a0\u00bb|||\u00a0\u00bb custom_padding__hover=\u00a0\u00bb|||\u00a0\u00bb][et_pb_blurb title=\u00a0\u00bbLes assistants vocaux, les agents conversationnels et les appareils IdO intelligents\u00a0\u00bb image=\u00a0\u00bbhttps:\/\/mexxusmedia.com\/wp-content\/uploads\/2020\/09\/IoT-multi-120&#215;113-1.png\u00a0\u00bb icon_placement=\u00a0\u00bbleft\u00a0\u00bb image_max_width=\u00a0\u00bb70px\u00a0\u00bb content_max_width=\u00a0\u00bb100%\u00a0\u00bb _builder_version=\u00a0\u00bb4.6.1&Prime; header_font=\u00a0\u00bbPoppins|700|||||||\u00a0\u00bb header_text_align=\u00a0\u00bbleft\u00a0\u00bb header_text_color=\u00a0\u00bb#000000&Prime; header_font_size=\u00a0\u00bb20px\u00a0\u00bb header_line_height=\u00a0\u00bb1.3em\u00a0\u00bb body_font=\u00a0\u00bbRoboto|300|||||||\u00a0\u00bb body_text_align=\u00a0\u00bbleft\u00a0\u00bb body_text_color=\u00a0\u00bb#000000&Prime; body_font_size=\u00a0\u00bb15px\u00a0\u00bb body_line_height=\u00a0\u00bb1.8em\u00a0\u00bb custom_padding=\u00a0\u00bb|15px||\u00a0\u00bb animation=\u00a0\u00bboff\u00a0\u00bb]Est-ce que vous seriez \u00e0 l\u2019aise d\u2019avoir un assistant vocal IA effectuer votre prochaine entrevue? Et que dites-vous d\u2019un agent conversationnel, d\u2019un chatbot, qui r\u00e9pondrait \u00e0 vos questions au lieu d\u2019un employ\u00e9 humain du service \u00e0 la client\u00e8le? Les assistants vocaux et les chatbots se taillent graduellement une place en service \u00e0 la client\u00e8le, aux ressources humaines, aux ventes et au marketing chez plusieurs entreprises, le tout afin d\u2019augmenter l\u2019efficacit\u00e9.  Les entreprises intelligentes se servent de l\u2019IA pour r\u00e9duire les d\u00e9penses en confinant \u00e0 cette technologie des t\u00e2ches r\u00e9currentes et les questions des clients.[\/et_pb_blurb][\/et_pb_column][\/et_pb_row][\/et_pb_section][et_pb_section fb_built=\u00a0\u00bb1&Prime; _builder_version=\u00a0\u00bb4.6.1&Prime; _module_preset=\u00a0\u00bbdefault\u00a0\u00bb custom_padding=\u00a0\u00bb0px||0px||false|false\u00a0\u00bb][et_pb_row column_structure=\u00a0\u00bb3_5,2_5&Prime; _builder_version=\u00a0\u00bb4.6.1&Prime; _module_preset=\u00a0\u00bbdefault\u00a0\u00bb][et_pb_column type=\u00a0\u00bb3_5&Prime; _builder_version=\u00a0\u00bb4.6.1&Prime; _module_preset=\u00a0\u00bbdefault\u00a0\u00bb][et_pb_image src=\u00a0\u00bbhttps:\/\/mexxusmedia.com\/wp-content\/uploads\/2020\/09\/chatbots.jpg\u00a0\u00bb title_text=\u00a0\u00bbchatbots\u00a0\u00bb _builder_version=\u00a0\u00bb4.6.1&Prime; _module_preset=\u00a0\u00bbdefault\u00a0\u00bb][\/et_pb_image][\/et_pb_column][et_pb_column type=\u00a0\u00bb2_5&Prime; _builder_version=\u00a0\u00bb4.6.1&Prime; _module_preset=\u00a0\u00bbdefault\u00a0\u00bb][et_pb_text _builder_version=\u00a0\u00bb4.6.1&Prime; text_font=\u00a0\u00bbRoboto|300|||||||\u00a0\u00bb text_text_color=\u00a0\u00bb#000000&Prime; text_font_size=\u00a0\u00bb20px\u00a0\u00bb text_line_height=\u00a0\u00bb1.8em\u00a0\u00bb header_font=\u00a0\u00bbPoppins|700||on|||||\u00a0\u00bb header_text_color=\u00a0\u00bb#000000&Prime; header_line_height=\u00a0\u00bb1.3em\u00a0\u00bb]<\/p>\n<h1>Les agents conversationnels (chatbots)<\/h1>\n<p>Avez-vous enfin d\u00e9cid\u00e9 de vous pr\u00e9valoir de l\u2019incroyable puissance des chatbots et des autres ressources en IA pour faire cro\u00eetre votre entreprise et sa rentabilit\u00e9? Quelles bonnes nouvelles! Vous \u00eates maintenant pr\u00eats pour notre gamme de chatbots&#8230;[\/et_pb_text][\/et_pb_column][\/et_pb_row][et_pb_row column_structure=\u00a0\u00bb1_4,1_4,1_4,1_4&Prime; use_custom_gutter=\u00a0\u00bbon\u00a0\u00bb gutter_width=\u00a0\u00bb2&Prime; make_equal=\u00a0\u00bbon\u00a0\u00bb _builder_version=\u00a0\u00bb4.6.1&Prime;][et_pb_column type=\u00a0\u00bb1_4&Prime; _builder_version=\u00a0\u00bb3.25&Prime; custom_padding=\u00a0\u00bb|||\u00a0\u00bb parallax__hover=\u00a0\u00bboff\u00a0\u00bb parallax_method__hover=\u00a0\u00bbon\u00a0\u00bb custom_padding__hover=\u00a0\u00bb|||\u00a0\u00bb][et_pb_text _builder_version=\u00a0\u00bb4.6.1&Prime; text_font=\u00a0\u00bbRoboto|300|||||||\u00a0\u00bb text_text_color=\u00a0\u00bb#000000&Prime; text_font_size=\u00a0\u00bb15px\u00a0\u00bb text_line_height=\u00a0\u00bb1.8em\u00a0\u00bb header_font=\u00a0\u00bbPoppins|||on|||||\u00a0\u00bb header_text_color=\u00a0\u00bb#000000&Prime; header_font_size=\u00a0\u00bb20px\u00a0\u00bb header_line_height=\u00a0\u00bb1.3em\u00a0\u00bb]<\/p>\n<h1><strong>01.<\/strong> Agents conversationnels pour centres d\u2019appels<\/h1>\n<p>Sachez optimiser la performance de la plateforme de votre centre d\u2019appel gr\u00e2ce aux technologies chatbot en rendant des t\u00e2ches telles que la modification d\u2019un mot de passe, l\u2019interrogation de solde, ou la demande d\u2019un rendez-vous, enti\u00e8rement sans op\u00e9rateur humain, \u00e9liminant ainsi le besoin de passer par un agent.<\/p>\n<p>Gr\u00e2ce \u00e0 leur utilisation de la reconnaissance vocale automatique et leur compr\u00e9hension naturelle langagi\u00e8re, les chatbots sont maintenant capables de reconna\u00eetre l\u2019intention de l\u2019interlocuteur. Ils reconnaissent la locution humaine \u00e0 une fr\u00e9quence optimale d\u2019\u00e9chantillonnage t\u00e9l\u00e9phonique auditif de 8 kHz et ils comprennent l\u2019intention de l\u2019interlocuteur sans que ce dernier soit oblig\u00e9 \u00e0 prononcer des paroles sp\u00e9cifiques.<\/p>\n<p>[\/et_pb_text][\/et_pb_column][et_pb_column type=\u00a0\u00bb1_4&Prime; _builder_version=\u00a0\u00bb3.25&Prime; custom_padding=\u00a0\u00bb|||\u00a0\u00bb parallax__hover=\u00a0\u00bboff\u00a0\u00bb parallax_method__hover=\u00a0\u00bbon\u00a0\u00bb custom_padding__hover=\u00a0\u00bb|||\u00a0\u00bb][et_pb_text _builder_version=\u00a0\u00bb4.6.1&Prime; text_font=\u00a0\u00bbRoboto|300|||||||\u00a0\u00bb text_text_color=\u00a0\u00bb#000000&Prime; text_font_size=\u00a0\u00bb15px\u00a0\u00bb text_line_height=\u00a0\u00bb1.8em\u00a0\u00bb header_font=\u00a0\u00bbPoppins|||on|||||\u00a0\u00bb header_text_color=\u00a0\u00bb#000000&Prime; header_font_size=\u00a0\u00bb20px\u00a0\u00bb header_line_height=\u00a0\u00bb1.3em\u00a0\u00bb]<\/p>\n<h1><strong>02.<\/strong> Agents conversationnels pour applications<\/h1>\n<p>La compr\u00e9hension naturelle langagi\u00e8re permet dor\u00e9navant l\u2019\u00e9laboration de puissantes interfaces pour vos applications web ou mobiles. Ajoutez une interface de clavardage texto \u00e0 vos appareils web ou mobiles et facilitez l\u2019acc\u00e8s de vos clients \u00e0 leur compte, \u00e0 l\u2019achat de billets, \u00e0 la commande de nourriture, aux appels de taxi et \u00e0 beaucoup plus.<\/p>\n<p>[\/et_pb_text][\/et_pb_column][et_pb_column type=\u00a0\u00bb1_4&Prime; _builder_version=\u00a0\u00bb3.25&Prime; custom_padding=\u00a0\u00bb|||\u00a0\u00bb parallax__hover=\u00a0\u00bboff\u00a0\u00bb parallax_method__hover=\u00a0\u00bbon\u00a0\u00bb custom_padding__hover=\u00a0\u00bb|||\u00a0\u00bb][et_pb_text _builder_version=\u00a0\u00bb4.6.1&Prime; text_font=\u00a0\u00bbRoboto|300|||||||\u00a0\u00bb text_text_color=\u00a0\u00bb#000000&Prime; text_font_size=\u00a0\u00bb15px\u00a0\u00bb text_line_height=\u00a0\u00bb1.8em\u00a0\u00bb header_font=\u00a0\u00bbPoppins|||on|||||\u00a0\u00bb header_text_color=\u00a0\u00bb#000000&Prime; header_font_size=\u00a0\u00bb20px\u00a0\u00bb header_line_height=\u00a0\u00bb1.3em\u00a0\u00bb]<\/p>\n<h1><strong>03.<\/strong> Agents conversationnels de productivit\u00e9 d\u2019entreprise<\/h1>\n<p>Ce type d\u2019agent conversationnel viendra rationaliser les activit\u00e9s de travail optimisant ainsi l\u2019efficacit\u00e9 organisationnelle. Il aidera votre personnel \u00e0 v\u00e9rifier des donn\u00e9es de ventes Salesforce, le rendement du marketing de HubSpot et le statut du service \u00e0 la client\u00e8le de Zendesk le tout en quelques minutes seulement.<\/p>\n<p>[\/et_pb_text][\/et_pb_column][et_pb_column type=\u00a0\u00bb1_4&Prime; _builder_version=\u00a0\u00bb3.25&Prime; custom_padding=\u00a0\u00bb|||\u00a0\u00bb parallax__hover=\u00a0\u00bboff\u00a0\u00bb parallax_method__hover=\u00a0\u00bbon\u00a0\u00bb custom_padding__hover=\u00a0\u00bb|||\u00a0\u00bb][et_pb_text _builder_version=\u00a0\u00bb4.6.1&Prime; text_font=\u00a0\u00bbRoboto|300|||||||\u00a0\u00bb text_text_color=\u00a0\u00bb#000000&Prime; text_font_size=\u00a0\u00bb15px\u00a0\u00bb text_line_height=\u00a0\u00bb1.8em\u00a0\u00bb header_font=\u00a0\u00bbPoppins|||on|||||\u00a0\u00bb header_text_color=\u00a0\u00bb#000000&Prime; header_font_size=\u00a0\u00bb20px\u00a0\u00bb header_line_height=\u00a0\u00bb1.3em\u00a0\u00bb]<\/p>\n<h1><strong>04.<\/strong> Agents conversationnels d\u2019information<\/h1>\n<p>Les chatbots d\u2019information desservent les consommateurs en r\u00e9pondant \u00e0 leurs questions en allant chercher des infos telles que des nouvelles mises \u00e0 jour, le pointage d\u2019un match, la temp\u00e9rature et beaucoup plus.<\/p>\n<p>[\/et_pb_text][\/et_pb_column][\/et_pb_row][\/et_pb_section]<\/p>\n","protected":false},"excerpt":{"rendered":"<p>Applications en Intelligence artificielleApplications en Intelligence artificielleSaisissez le pouvoir de l\u2019intelligence artificielle et du machine learning et b\u00e9n\u00e9ficiez de perspectives r\u00e9alisables dans la cr\u00e9ation d\u2019une exp\u00e9rience hautement personnalis\u00e9e et intelligente. Notre proc\u00e9d\u00e9 fournit des solutions en intelligence artificielle sur mesure en optimisant les meilleurs outils et d\u00e9veloppements logistiques afin de maximiser le rendement tout en [&hellip;]<\/p>\n","protected":false},"author":1,"featured_media":0,"parent":0,"menu_order":0,"comment_status":"closed","ping_status":"closed","template":"","meta":{"_et_pb_use_builder":"on","_et_pb_old_content":"","_et_gb_content_width":"","footnotes":""},"class_list":["post-50947","page","type-page","status-publish","hentry"],"_links":{"self":[{"href":"https:\/\/mexxusmedia.com\/fr\/wp-json\/wp\/v2\/pages\/50947","targetHints":{"allow":["GET"]}}],"collection":[{"href":"https:\/\/mexxusmedia.com\/fr\/wp-json\/wp\/v2\/pages"}],"about":[{"href":"https:\/\/mexxusmedia.com\/fr\/wp-json\/wp\/v2\/types\/page"}],"author":[{"embeddable":true,"href":"https:\/\/mexxusmedia.com\/fr\/wp-json\/wp\/v2\/users\/1"}],"replies":[{"embeddable":true,"href":"https:\/\/mexxusmedia.com\/fr\/wp-json\/wp\/v2\/comments?post=50947"}],"version-history":[{"count":4,"href":"https:\/\/mexxusmedia.com\/fr\/wp-json\/wp\/v2\/pages\/50947\/revisions"}],"predecessor-version":[{"id":51870,"href":"https:\/\/mexxusmedia.com\/fr\/wp-json\/wp\/v2\/pages\/50947\/revisions\/51870"}],"wp:attachment":[{"href":"https:\/\/mexxusmedia.com\/fr\/wp-json\/wp\/v2\/media?parent=50947"}],"curies":[{"name":"wp","href":"https:\/\/api.w.org\/{rel}","templated":true}]}}